{"id":917,"date":"2016-05-17T17:19:36","date_gmt":"2016-05-17T16:19:36","guid":{"rendered":"http:\/\/lesavoirpartage.org\/new\/?page_id=917"},"modified":"2016-05-17T17:21:08","modified_gmt":"2016-05-17T16:21:08","slug":"26-02-2015-restauration-du-tombeau-des-ducs-de-bourgogne-benoit-lafay","status":"publish","type":"page","link":"https:\/\/lesavoirpartage.org\/new\/26-02-2015-restauration-du-tombeau-des-ducs-de-bourgogne-benoit-lafay\/","title":{"rendered":"26.02.2015 RESTAURATION DU TOMBEAU DES DUCS DE BOURGOGNE, (Beno\u00eet LAFAY)"},"content":{"rendered":"<div class=\"wrap\">\n<form id=\"post\" action=\"http:\/\/lesavoirpartage.org\/new\/wp-admin\/post.php\" autocomplete=\"off\" method=\"post\" name=\"post\">\n<div id=\"poststuff\">\n<div id=\"post-body\" class=\"metabox-holder columns-2\">\n<div id=\"postbox-container-2\" class=\"postbox-container\">\n<div id=\"normal-sortables\" class=\"meta-box-sortables ui-sortable\">\n<div id=\"information\" class=\"postbox \">\n<div class=\"inside\">\n\r\n\t<div class=\"slideshow_container slideshow_container_style-light\" style=\" max-width: 755px;\" data-slideshow-id=\"541\" data-style-name=\"style-light\" data-style-version=\"2.3.1\" >\r\n\r\n\t\t\t\t\t<div class=\"slideshow_loading_icon\"><\/div>\r\n\t\t\r\n\t\t<div class=\"slideshow_content\" style=\"display: none;\">\r\n\r\n\t\t\t<div class=\"slideshow_view\">\r\n\t\t\t\t<div class=\"slideshow_slide slideshow_slide_image\">\r\n\t\t\t\t\t\t\t\t\t\t\t<img src=\"https:\/\/lesavoirpartage.org\/new\/wp-content\/uploads\/2016\/05\/174sousthemes.jpg\" alt=\"Benoit LAFAY, d\u00e9die la conf\u00e9rence \u00e0 Melle Fran\u00e7oise BARON, Conservateur g\u00e9n\u00e9ral Honoraire du d\u00e9partement des sculptures au Mus\u00e9e du Louve, et va nous parler de la grande op\u00e9ration de restauration des tombeaux des Ducs de Bourgogne.\" width=\"2592\" height=\"1936\" \/>\r\n\t\t\t\t\t\t\t\t\t\t<div class=\"slideshow_description_box slideshow_transparent\">\r\n\t\t\t\t\t\t<div class=\"slideshow_title\">Benoit LAFAY, d\u00e9die la conf\u00e9rence \u00e0 Melle Fran\u00e7oise BARON, Conservateur g\u00e9n\u00e9ral Honoraire du d\u00e9partement des sculptures au Mus\u00e9e du Louve, et va nous parler de la grande op\u00e9ration de restauration des tombeaux des Ducs de Bourgogne.<\/div>\t\t\t\t\t\t\t\t\t\t\t<\/div>\r\n\t\t\t\t<\/div>\r\n\r\n\t\t\t\t\t\t<div style=\"clear: both;\"><\/div><\/div><div class=\"slideshow_view\">\r\n\t\t\t\t<div class=\"slideshow_slide slideshow_slide_image\">\r\n\t\t\t\t\t\t\t\t\t\t\t<img src=\"https:\/\/lesavoirpartage.org\/new\/wp-content\/uploads\/2016\/05\/173sousthemes.jpg\" alt=\"Les Ducs de Bourgognes\" width=\"931\" height=\"696\" \/>\r\n\t\t\t\t\t\t\t\t\t\t<div class=\"slideshow_description_box slideshow_transparent\">\r\n\t\t\t\t\t\t<div class=\"slideshow_title\">Les Ducs de Bourgognes<\/div>\t\t\t\t\t\t\t\t\t\t\t<\/div>\r\n\t\t\t\t<\/div>\r\n\r\n\t\t\t\t\t\t<div style=\"clear: both;\"><\/div><\/div><div class=\"slideshow_view\">\r\n\t\t\t\t<div class=\"slideshow_slide slideshow_slide_image\">\r\n\t\t\t\t\t\t\t\t\t\t\t<img src=\"https:\/\/lesavoirpartage.org\/new\/wp-content\/uploads\/2016\/05\/172sousthemes.jpg\" alt=\"Tombeau de Philippe le Hardi qui provient de la chartreuse de Champmol\" width=\"2592\" height=\"1936\" \/>\r\n\t\t\t\t\t\t\t\t\t\t<div class=\"slideshow_description_box slideshow_transparent\">\r\n\t\t\t\t\t\t<div class=\"slideshow_title\">Tombeau de Philippe le Hardi qui provient de la chartreuse de Champmol<\/div>\t\t\t\t\t\t\t\t\t\t\t<\/div>\r\n\t\t\t\t<\/div>\r\n\r\n\t\t\t\t\t\t<div style=\"clear: both;\"><\/div><\/div><div class=\"slideshow_view\">\r\n\t\t\t\t<div class=\"slideshow_slide slideshow_slide_image\">\r\n\t\t\t\t\t\t\t\t\t\t\t<img src=\"https:\/\/lesavoirpartage.org\/new\/wp-content\/uploads\/2016\/05\/171sousthemes.jpg\" alt=\"Tombeau de Jean Sans Peur et Marguerite de Bavi\u00e8re, provenant \u00e9galement de la chartreuse de Champmol\" width=\"2592\" height=\"1936\" \/>\r\n\t\t\t\t\t\t\t\t\t\t<div class=\"slideshow_description_box slideshow_transparent\">\r\n\t\t\t\t\t\t<div class=\"slideshow_title\">Tombeau de Jean Sans Peur et Marguerite de Bavi\u00e8re, provenant \u00e9galement de la chartreuse de Champmol<\/div>\t\t\t\t\t\t\t\t\t\t\t<\/div>\r\n\t\t\t\t<\/div>\r\n\r\n\t\t\t\t\t\t<div style=\"clear: both;\"><\/div><\/div><div class=\"slideshow_view\">\r\n\t\t\t\t<div class=\"slideshow_slide slideshow_slide_image\">\r\n\t\t\t\t\t\t\t\t\t\t\t<img src=\"https:\/\/lesavoirpartage.org\/new\/wp-content\/uploads\/2016\/05\/170sousthemes.jpg\" alt=\"En 1384, Philippe le Hardi, duc de Bourgogne, fonda aux portes de Dijon, une chartreuse au lieu-dit Champmol, qui devait faire office de n\u00e9cropole familiale.\" width=\"616\" height=\"434\" \/>\r\n\t\t\t\t\t\t\t\t\t\t<div class=\"slideshow_description_box slideshow_transparent\">\r\n\t\t\t\t\t\t<div class=\"slideshow_title\">En 1384, Philippe le Hardi, duc de Bourgogne, fonda aux portes de Dijon, une chartreuse au lieu-dit Champmol, qui devait faire office de n\u00e9cropole familiale.<\/div>\t\t\t\t\t\t\t\t\t\t\t<\/div>\r\n\t\t\t\t<\/div>\r\n\r\n\t\t\t\t\t\t<div style=\"clear: both;\"><\/div><\/div><div class=\"slideshow_view\">\r\n\t\t\t\t<div class=\"slideshow_slide slideshow_slide_image\">\r\n\t\t\t\t\t\t\t\t\t\t\t<img src=\"https:\/\/lesavoirpartage.org\/new\/wp-content\/uploads\/2016\/05\/169sousthemes.jpg\" alt=\"Le portail de la chartreuse de Champnol. Philippe le Hardi et Marguerite de Flandre, fondateurs de la chartreuse, sont en pri\u00e8re devant la Vierge et l&#039;enfant.\" width=\"2011\" height=\"1117\" \/>\r\n\t\t\t\t\t\t\t\t\t\t<div class=\"slideshow_description_box slideshow_transparent\">\r\n\t\t\t\t\t\t<div class=\"slideshow_title\">Le portail de la chartreuse de Champnol. Philippe le Hardi et Marguerite de Flandre, fondateurs de la chartreuse, sont en pri\u00e8re devant la Vierge et l&#039;enfant.<\/div>\t\t\t\t\t\t\t\t\t\t\t<\/div>\r\n\t\t\t\t<\/div>\r\n\r\n\t\t\t\t\t\t<div style=\"clear: both;\"><\/div><\/div><div class=\"slideshow_view\">\r\n\t\t\t\t<div class=\"slideshow_slide slideshow_slide_image\">\r\n\t\t\t\t\t\t\t\t\t\t\t<img src=\"https:\/\/lesavoirpartage.org\/new\/wp-content\/uploads\/2016\/05\/168sousthemes.jpg\" alt=\"Pleurants n\u00e9ogothiques. Lors de la restauration des tombeaux en 1823, quatre des pleurants furent cr\u00e9\u00e9s \u00e0 partir  des portraits des initiateurs de cette restauration (Charles F\u00e9vret de Saint-Memoin, Claude Saintp\u00e8re, Marion de Semu et Joseph Moreau)\" width=\"2592\" height=\"1936\" \/>\r\n\t\t\t\t\t\t\t\t\t\t<div class=\"slideshow_description_box slideshow_transparent\">\r\n\t\t\t\t\t\t<div class=\"slideshow_title\">Pleurants n\u00e9ogothiques. Lors de la restauration des tombeaux en 1823, quatre des pleurants furent cr\u00e9\u00e9s \u00e0 partir  des portraits des initiateurs de cette restauration (Charles F\u00e9vret de Saint-Memoin, Claude Saintp\u00e8re, Marion de Semu et Joseph Moreau)<\/div>\t\t\t\t\t\t\t\t\t\t\t<\/div>\r\n\t\t\t\t<\/div>\r\n\r\n\t\t\t\t\t\t<div style=\"clear: both;\"><\/div><\/div><div class=\"slideshow_view\">\r\n\t\t\t\t<div class=\"slideshow_slide slideshow_slide_image\">\r\n\t\t\t\t\t\t\t\t\t\t\t<img src=\"https:\/\/lesavoirpartage.org\/new\/wp-content\/uploads\/2016\/05\/167sousthemes.jpg\" alt=\"Certains pleurants se trouvent, par suite de ventes diverses, au mus\u00e9e de CLEVELAND depuis 1920, le Mus\u00e9e de Dijon n&#039;ayant pas eu les moyens de les acheter en 1876\" width=\"2592\" height=\"1936\" \/>\r\n\t\t\t\t\t\t\t\t\t\t<div class=\"slideshow_description_box slideshow_transparent\">\r\n\t\t\t\t\t\t<div class=\"slideshow_title\">Certains pleurants se trouvent, par suite de ventes diverses, au mus\u00e9e de CLEVELAND depuis 1920, le Mus\u00e9e de Dijon n&#039;ayant pas eu les moyens de les acheter en 1876<\/div>\t\t\t\t\t\t\t\t\t\t\t<\/div>\r\n\t\t\t\t<\/div>\r\n\r\n\t\t\t\t\t\t<div style=\"clear: both;\"><\/div><\/div><div class=\"slideshow_view\">\r\n\t\t\t\t<div class=\"slideshow_slide slideshow_slide_image\">\r\n\t\t\t\t\t\t\t\t\t\t\t<img src=\"https:\/\/lesavoirpartage.org\/new\/wp-content\/uploads\/2016\/05\/166sousthemes.jpg\" alt=\"Histoire des tombeaux\" width=\"2592\" height=\"1936\" \/>\r\n\t\t\t\t\t\t\t\t\t\t<div class=\"slideshow_description_box slideshow_transparent\">\r\n\t\t\t\t\t\t<div class=\"slideshow_title\">Histoire des tombeaux<\/div>\t\t\t\t\t\t\t\t\t\t\t<\/div>\r\n\t\t\t\t<\/div>\r\n\r\n\t\t\t\t\t\t<div style=\"clear: both;\"><\/div><\/div><div class=\"slideshow_view\">\r\n\t\t\t\t<div class=\"slideshow_slide slideshow_slide_image\">\r\n\t\t\t\t\t\t\t\t\t\t\t<img src=\"https:\/\/lesavoirpartage.org\/new\/wp-content\/uploads\/2016\/05\/165sousthemes.jpg\" alt=\"Inventaire en 1819\" width=\"2592\" height=\"1936\" \/>\r\n\t\t\t\t\t\t\t\t\t\t<div class=\"slideshow_description_box slideshow_transparent\">\r\n\t\t\t\t\t\t<div class=\"slideshow_title\">Inventaire en 1819<\/div>\t\t\t\t\t\t\t\t\t\t\t<\/div>\r\n\t\t\t\t<\/div>\r\n\r\n\t\t\t\t\t\t<div style=\"clear: both;\"><\/div><\/div><div class=\"slideshow_view\">\r\n\t\t\t\t<div class=\"slideshow_slide slideshow_slide_image\">\r\n\t\t\t\t\t\t\t\t\t\t\t<img src=\"https:\/\/lesavoirpartage.org\/new\/wp-content\/uploads\/2016\/05\/164sousthemes.jpg\" alt=\"L&#039;\u00e9tude des tombeaux\" width=\"2592\" height=\"1936\" \/>\r\n\t\t\t\t\t\t\t\t\t\t<div class=\"slideshow_description_box slideshow_transparent\">\r\n\t\t\t\t\t\t<div class=\"slideshow_title\">L&#039;\u00e9tude des tombeaux<\/div>\t\t\t\t\t\t\t\t\t\t\t<\/div>\r\n\t\t\t\t<\/div>\r\n\r\n\t\t\t\t\t\t<div style=\"clear: both;\"><\/div><\/div><div class=\"slideshow_view\">\r\n\t\t\t\t<div class=\"slideshow_slide slideshow_slide_image\">\r\n\t\t\t\t\t\t\t\t\t\t\t<img src=\"https:\/\/lesavoirpartage.org\/new\/wp-content\/uploads\/2016\/05\/162sousthemes.jpg\" alt=\"A gauche, un pleurant vu \u00e0 l&#039;oeil nu, et \u00e0 droite, au moyen de rayon X, ce qui permet de voir des motifs invisibles par l&#039;oeil\" width=\"2592\" height=\"1936\" \/>\r\n\t\t\t\t\t\t\t\t\t\t<div class=\"slideshow_description_box slideshow_transparent\">\r\n\t\t\t\t\t\t<div class=\"slideshow_title\">A gauche, un pleurant vu \u00e0 l&#039;oeil nu, et \u00e0 droite, au moyen de rayon X, ce qui permet de voir des motifs invisibles par l&#039;oeil<\/div>\t\t\t\t\t\t\t\t\t\t\t<\/div>\r\n\t\t\t\t<\/div>\r\n\r\n\t\t\t\t\t\t<div style=\"clear: both;\"><\/div><\/div><div class=\"slideshow_view\">\r\n\t\t\t\t<div class=\"slideshow_slide slideshow_slide_image\">\r\n\t\t\t\t\t\t\t\t\t\t\t<img src=\"https:\/\/lesavoirpartage.org\/new\/wp-content\/uploads\/2016\/05\/161sousthemes.jpg\" alt=\"D\u00e9montage et nettoyage des \u00e9l\u00e9ments des tombeaux\" width=\"2592\" height=\"1936\" \/>\r\n\t\t\t\t\t\t\t\t\t\t<div class=\"slideshow_description_box slideshow_transparent\">\r\n\t\t\t\t\t\t<div class=\"slideshow_title\">D\u00e9montage et nettoyage des \u00e9l\u00e9ments des tombeaux<\/div>\t\t\t\t\t\t\t\t\t\t\t<\/div>\r\n\t\t\t\t<\/div>\r\n\r\n\t\t\t\t\t\t<div style=\"clear: both;\"><\/div><\/div><div class=\"slideshow_view\">\r\n\t\t\t\t<div class=\"slideshow_slide slideshow_slide_image\">\r\n\t\t\t\t\t\t\t\t\t\t\t<img src=\"https:\/\/lesavoirpartage.org\/new\/wp-content\/uploads\/2016\/05\/160sousthemes.png\" alt=\"A l&#039;occasion des travaux de r\u00e9novation du mus\u00e9e de DIJON, en 2010, les pleurants du tombeau de Jean Sans Peur et de son \u00e9pouse, Marguerite de Bavi\u00e8re, ont fait une tourn\u00e9e internationale par les \u00e9tats-Unis, Bruges, Berlin et Paris ainsi qu&#039;\u00e0 Dijon.\" width=\"480\" height=\"320\" \/>\r\n\t\t\t\t\t\t\t\t\t\t<div class=\"slideshow_description_box slideshow_transparent\">\r\n\t\t\t\t\t\t<div class=\"slideshow_title\">A l&#039;occasion des travaux de r\u00e9novation du mus\u00e9e de DIJON, en 2010, les pleurants du tombeau de Jean Sans Peur et de son \u00e9pouse, Marguerite de Bavi\u00e8re, ont fait une tourn\u00e9e internationale par les \u00e9tats-Unis, Bruges, Berlin et Paris ainsi qu&#039;\u00e0 Dijon.<\/div>\t\t\t\t\t\t\t\t\t\t\t<\/div>\r\n\t\t\t\t<\/div>\r\n\r\n\t\t\t\t\t\t<div style=\"clear: both;\"><\/div><\/div>\r\n\t\t<\/div>\r\n\r\n\t\t<div class=\"slideshow_controlPanel slideshow_transparent\" style=\"display: none;\"><ul><li class=\"slideshow_togglePlay\" data-play-text=\"Play\" data-pause-text=\"Pause\"><\/li><\/ul><\/div>\r\n\r\n\t\t<div class=\"slideshow_button slideshow_previous slideshow_transparent\" role=\"button\" data-previous-text=\"Pr\u00e9c\u00e9dent\" style=\"display: none;\"><\/div>\r\n\t\t<div class=\"slideshow_button slideshow_next slideshow_transparent\" role=\"button\" data-next-text=\"Suivant\" style=\"display: none;\"><\/div>\r\n\r\n\t\t<div class=\"slideshow_pagination\" style=\"display: none;\" data-go-to-text=\"Go to slide\"><div class=\"slideshow_pagination_center\"><\/div><\/div>\r\n\r\n\t\t<!-- WordPress Slideshow Version 2.3.1 -->\r\n\r\n\t\t\t<\/div>\r\n\r\n\n<\/div>\n<\/div>\n<\/div>\n<\/div>\n<\/div>\n<\/div>\n<\/form>\n<\/div>\n<p>&nbsp;<\/p>\n","protected":false},"excerpt":{"rendered":"&nbsp;","protected":false},"author":2,"featured_media":0,"parent":0,"menu_order":0,"comment_status":"closed","ping_status":"closed","template":"","meta":{"_mi_skip_tracking":false,"_monsterinsights_sitenote_active":false,"_monsterinsights_sitenote_note":"","_monsterinsights_sitenote_category":0,"footnotes":""},"class_list":["post-917","page","type-page","status-publish","hentry"],"acf":[],"_links":{"self":[{"href":"https:\/\/lesavoirpartage.org\/new\/wp-json\/wp\/v2\/pages\/917","targetHints":{"allow":["GET"]}}],"collection":[{"href":"https:\/\/lesavoirpartage.org\/new\/wp-json\/wp\/v2\/pages"}],"about":[{"href":"https:\/\/lesavoirpartage.org\/new\/wp-json\/wp\/v2\/types\/page"}],"author":[{"embeddable":true,"href":"https:\/\/lesavoirpartage.org\/new\/wp-json\/wp\/v2\/users\/2"}],"replies":[{"embeddable":true,"href":"https:\/\/lesavoirpartage.org\/new\/wp-json\/wp\/v2\/comments?post=917"}],"version-history":[{"count":2,"href":"https:\/\/lesavoirpartage.org\/new\/wp-json\/wp\/v2\/pages\/917\/revisions"}],"predecessor-version":[{"id":919,"href":"https:\/\/lesavoirpartage.org\/new\/wp-json\/wp\/v2\/pages\/917\/revisions\/919"}],"wp:attachment":[{"href":"https:\/\/lesavoirpartage.org\/new\/wp-json\/wp\/v2\/media?parent=917"}],"curies":[{"name":"wp","href":"https:\/\/api.w.org\/{rel}","templated":true}]}}