{"id":901,"date":"2016-05-17T15:51:40","date_gmt":"2016-05-17T14:51:40","guid":{"rendered":"http:\/\/lesavoirpartage.org\/new\/?page_id=901"},"modified":"2024-11-29T14:59:14","modified_gmt":"2024-11-29T13:59:14","slug":"photos","status":"publish","type":"page","link":"https:\/\/lesavoirpartage.org\/new\/photos\/","title":{"rendered":"Photos"},"content":{"rendered":"<p>Cliquez sur un diaporama ci-dessous<\/p>\n<ul>\n<li>\r\n\t<div class=\"slideshow_container slideshow_container_style-light\" style=\"height: 555px; \" data-slideshow-id=\"3119\" data-style-name=\"style-light\" data-style-version=\"2.3.1\" >\r\n\r\n\t\t\t\t\t<div class=\"slideshow_loading_icon\"><\/div>\r\n\t\t\r\n\t\t<div class=\"slideshow_content\" style=\"display: none;\">\r\n\r\n\t\t\t<div class=\"slideshow_view\">\r\n\t\t\t\t<div class=\"slideshow_slide slideshow_slide_image\">\r\n\t\t\t\t\t\t\t\t\t\t\t<img src=\"https:\/\/lesavoirpartage.org\/new\/wp-content\/uploads\/2024\/10\/Photo-Nadia-1.jpg\" alt=\"Visite du Naturopt\u00e8re\" width=\"640\" height=\"427\" \/>\r\n\t\t\t\t\t\t\t\t\t\t<div class=\"slideshow_description_box slideshow_transparent\">\r\n\t\t\t\t\t\t<h3 class=\"slideshow_title\">Visite du Naturopt\u00e8re<\/h3>\t\t\t\t\t\t\t\t\t\t\t<\/div>\r\n\t\t\t\t<\/div>\r\n\r\n\t\t\t\t\t\t<div style=\"clear: both;\"><\/div><\/div><div class=\"slideshow_view\">\r\n\t\t\t\t<div class=\"slideshow_slide slideshow_slide_image\">\r\n\t\t\t\t\t\t\t\t\t\t\t<img src=\"https:\/\/lesavoirpartage.org\/new\/wp-content\/uploads\/2024\/11\/AG_101024_5200_ORIG-scaled.jpg\" alt=\"JH Fabre\" width=\"1500\" height=\"2560\" \/>\r\n\t\t\t\t\t\t\t\t\t\t<div class=\"slideshow_description_box slideshow_transparent\">\r\n\t\t\t\t\t\t<div class=\"slideshow_title\">JH Fabre<\/div>\t\t\t\t\t\t\t\t\t\t\t<\/div>\r\n\t\t\t\t<\/div>\r\n\r\n\t\t\t\t\t\t<div style=\"clear: both;\"><\/div><\/div><div class=\"slideshow_view\">\r\n\t\t\t\t<div class=\"slideshow_slide slideshow_slide_image\">\r\n\t\t\t\t\t\t\t\t\t\t\t<img src=\"https:\/\/lesavoirpartage.org\/new\/wp-content\/uploads\/2024\/11\/AG_101024_5208_ORIG-scaled.jpg\" alt=\"Naturopt\u00e8re\" width=\"2560\" height=\"1875\" \/>\r\n\t\t\t\t\t\t\t\t\t\t<div class=\"slideshow_description_box slideshow_transparent\">\r\n\t\t\t\t\t\t<div class=\"slideshow_title\">Naturopt\u00e8re<\/div>\t\t\t\t\t\t\t\t\t\t\t<\/div>\r\n\t\t\t\t<\/div>\r\n\r\n\t\t\t\t\t\t<div style=\"clear: both;\"><\/div><\/div><div class=\"slideshow_view\">\r\n\t\t\t\t<div class=\"slideshow_slide slideshow_slide_image\">\r\n\t\t\t\t\t\t\t\t\t\t\t<img src=\"https:\/\/lesavoirpartage.org\/new\/wp-content\/uploads\/2024\/10\/Photo-Nadia-4.jpg\" alt=\"Repas convivial\" width=\"640\" height=\"428\" \/>\r\n\t\t\t\t\t\t\t\t\t\t<div class=\"slideshow_description_box slideshow_transparent\">\r\n\t\t\t\t\t\t<h3 class=\"slideshow_title\">Repas convivial<\/h3>\t\t\t\t\t\t\t\t\t\t\t<\/div>\r\n\t\t\t\t<\/div>\r\n\r\n\t\t\t\t\t\t<div style=\"clear: both;\"><\/div><\/div><div class=\"slideshow_view\">\r\n\t\t\t\t<div class=\"slideshow_slide slideshow_slide_image\">\r\n\t\t\t\t\t\t\t\t\t\t\t<img src=\"https:\/\/lesavoirpartage.org\/new\/wp-content\/uploads\/2024\/10\/20241010_125534-scaled.jpg\" alt=\"Repas vu de l&#039;autre cot\u00e9, toujours convivial\" width=\"1920\" height=\"2560\" \/>\r\n\t\t\t\t\t\t\t\t\t\t<div class=\"slideshow_description_box slideshow_transparent\">\r\n\t\t\t\t\t\t<h3 class=\"slideshow_title\">Repas vu de l&#039;autre cot\u00e9, toujours convivial<\/h3>\t\t\t\t\t\t\t\t\t\t\t<\/div>\r\n\t\t\t\t<\/div>\r\n\r\n\t\t\t\t\t\t<div style=\"clear: both;\"><\/div><\/div><div class=\"slideshow_view\">\r\n\t\t\t\t<div class=\"slideshow_slide slideshow_slide_image\">\r\n\t\t\t\t\t\t\t\t\t\t\t<img src=\"https:\/\/lesavoirpartage.org\/new\/wp-content\/uploads\/2024\/11\/AG_101024_5223_ORIG-scaled.jpg\" alt=\"A table\" width=\"2560\" height=\"1703\" \/>\r\n\t\t\t\t\t\t\t\t\t\t<div class=\"slideshow_description_box slideshow_transparent\">\r\n\t\t\t\t\t\t<div class=\"slideshow_title\">A table<\/div>\t\t\t\t\t\t\t\t\t\t\t<\/div>\r\n\t\t\t\t<\/div>\r\n\r\n\t\t\t\t\t\t<div style=\"clear: both;\"><\/div><\/div><div class=\"slideshow_view\">\r\n\t\t\t\t<div class=\"slideshow_slide slideshow_slide_image\">\r\n\t\t\t\t\t\t\t\t\t\t\t<img src=\"https:\/\/lesavoirpartage.org\/new\/wp-content\/uploads\/2024\/10\/20241010_125743-scaled.jpg\" alt=\"Notre Vice-Pr\u00e9sident\" width=\"1920\" height=\"2560\" \/>\r\n\t\t\t\t\t\t\t\t\t\t<div class=\"slideshow_description_box slideshow_transparent\">\r\n\t\t\t\t\t\t<h3 class=\"slideshow_title\">Notre Vice-Pr\u00e9sident<\/h3>\t\t\t\t\t\t\t\t\t\t\t<\/div>\r\n\t\t\t\t<\/div>\r\n\r\n\t\t\t\t\t\t<div style=\"clear: both;\"><\/div><\/div><div class=\"slideshow_view\">\r\n\t\t\t\t<div class=\"slideshow_slide slideshow_slide_image\">\r\n\t\t\t\t\t\t\t\t\t\t\t<img src=\"https:\/\/lesavoirpartage.org\/new\/wp-content\/uploads\/2024\/10\/20241010_145559-scaled.jpg\" alt=\"En attendant le car\" width=\"2560\" height=\"1920\" \/>\r\n\t\t\t\t\t\t\t\t\t\t<div class=\"slideshow_description_box slideshow_transparent\">\r\n\t\t\t\t\t\t<h3 class=\"slideshow_title\">En attendant le car<\/h3>\t\t\t\t\t\t\t\t\t\t\t<\/div>\r\n\t\t\t\t<\/div>\r\n\r\n\t\t\t\t\t\t<div style=\"clear: both;\"><\/div><\/div><div class=\"slideshow_view\">\r\n\t\t\t\t<div class=\"slideshow_slide slideshow_slide_image\">\r\n\t\t\t\t\t\t\t\t\t\t\t<img src=\"https:\/\/lesavoirpartage.org\/new\/wp-content\/uploads\/2024\/11\/AG_101024_5228_ORIG-scaled.jpg\" alt=\"JH Fabre\" width=\"1703\" height=\"2560\" \/>\r\n\t\t\t\t\t\t\t\t\t\t<div class=\"slideshow_description_box slideshow_transparent\">\r\n\t\t\t\t\t\t<div class=\"slideshow_title\">JH Fabre<\/div>\t\t\t\t\t\t\t\t\t\t\t<\/div>\r\n\t\t\t\t<\/div>\r\n\r\n\t\t\t\t\t\t<div style=\"clear: both;\"><\/div><\/div><div class=\"slideshow_view\">\r\n\t\t\t\t<div class=\"slideshow_slide slideshow_slide_image\">\r\n\t\t\t\t\t\t\t\t\t\t\t<img src=\"https:\/\/lesavoirpartage.org\/new\/wp-content\/uploads\/2024\/11\/AG_101024_5233_ORIG-scaled.jpg\" alt=\"En attendant le bus\" width=\"2560\" height=\"1703\" \/>\r\n\t\t\t\t\t\t\t\t\t\t<div class=\"slideshow_description_box slideshow_transparent\">\r\n\t\t\t\t\t\t<div class=\"slideshow_title\">En attendant le bus<\/div>\t\t\t\t\t\t\t\t\t\t\t<\/div>\r\n\t\t\t\t<\/div>\r\n\r\n\t\t\t\t\t\t<div style=\"clear: both;\"><\/div><\/div><div class=\"slideshow_view\">\r\n\t\t\t\t<div class=\"slideshow_slide slideshow_slide_image\">\r\n\t\t\t\t\t\t\t\t\t\t\t<img src=\"https:\/\/lesavoirpartage.org\/new\/wp-content\/uploads\/2024\/10\/Photo-Nadia-3.jpg\" alt=\"Visite du Harmas\" width=\"640\" height=\"427\" \/>\r\n\t\t\t\t\t\t\t\t\t\t<div class=\"slideshow_description_box slideshow_transparent\">\r\n\t\t\t\t\t\t<h3 class=\"slideshow_title\">Visite du Harmas<\/h3>\t\t\t\t\t\t\t\t\t\t\t<\/div>\r\n\t\t\t\t<\/div>\r\n\r\n\t\t\t\t\t\t<div style=\"clear: both;\"><\/div><\/div><div class=\"slideshow_view\">\r\n\t\t\t\t<div class=\"slideshow_slide slideshow_slide_image\">\r\n\t\t\t\t\t\t\t\t\t\t\t<img src=\"https:\/\/lesavoirpartage.org\/new\/wp-content\/uploads\/2024\/10\/20241010_151600-scaled.jpg\" alt=\"A l&#039;\u00e9coute du guide\" width=\"2560\" height=\"1920\" \/>\r\n\t\t\t\t\t\t\t\t\t\t<div class=\"slideshow_description_box slideshow_transparent\">\r\n\t\t\t\t\t\t<h3 class=\"slideshow_title\">A l&#039;\u00e9coute du guide<\/h3>\t\t\t\t\t\t\t\t\t\t\t<\/div>\r\n\t\t\t\t<\/div>\r\n\r\n\t\t\t\t\t\t<div style=\"clear: both;\"><\/div><\/div><div class=\"slideshow_view\">\r\n\t\t\t\t<div class=\"slideshow_slide slideshow_slide_image\">\r\n\t\t\t\t\t\t\t\t\t\t\t<img src=\"https:\/\/lesavoirpartage.org\/new\/wp-content\/uploads\/2024\/11\/AG_101024_5253_ORIG-scaled.jpg\" alt=\"La Maison\" width=\"2560\" height=\"1703\" \/>\r\n\t\t\t\t\t\t\t\t\t\t<div class=\"slideshow_description_box slideshow_transparent\">\r\n\t\t\t\t\t\t<div class=\"slideshow_title\">La Maison<\/div>\t\t\t\t\t\t\t\t\t\t\t<\/div>\r\n\t\t\t\t<\/div>\r\n\r\n\t\t\t\t\t\t<div style=\"clear: both;\"><\/div><\/div><div class=\"slideshow_view\">\r\n\t\t\t\t<div class=\"slideshow_slide slideshow_slide_image\">\r\n\t\t\t\t\t\t\t\t\t\t\t<img src=\"https:\/\/lesavoirpartage.org\/new\/wp-content\/uploads\/2024\/11\/AG_101024_5245_ORIG-scaled.jpg\" alt=\"de l&#039;int\u00e9rieur\" width=\"1703\" height=\"2560\" \/>\r\n\t\t\t\t\t\t\t\t\t\t<div class=\"slideshow_description_box slideshow_transparent\">\r\n\t\t\t\t\t\t<div class=\"slideshow_title\">de l&#039;int\u00e9rieur<\/div>\t\t\t\t\t\t\t\t\t\t\t<\/div>\r\n\t\t\t\t<\/div>\r\n\r\n\t\t\t\t\t\t<div style=\"clear: both;\"><\/div><\/div><div class=\"slideshow_view\">\r\n\t\t\t\t<div class=\"slideshow_slide slideshow_slide_image\">\r\n\t\t\t\t\t\t\t\t\t\t\t<img src=\"https:\/\/lesavoirpartage.org\/new\/wp-content\/uploads\/2024\/11\/AG_101024_5235_ORIG-scaled.jpg\" alt=\"Le jardin\" width=\"2560\" height=\"1703\" \/>\r\n\t\t\t\t\t\t\t\t\t\t<div class=\"slideshow_description_box slideshow_transparent\">\r\n\t\t\t\t\t\t<div class=\"slideshow_title\">Le jardin<\/div>\t\t\t\t\t\t\t\t\t\t\t<\/div>\r\n\t\t\t\t<\/div>\r\n\r\n\t\t\t\t\t\t<div style=\"clear: both;\"><\/div><\/div><div class=\"slideshow_view\">\r\n\t\t\t\t<div class=\"slideshow_slide slideshow_slide_image\">\r\n\t\t\t\t\t\t\t\t\t\t\t<img src=\"https:\/\/lesavoirpartage.org\/new\/wp-content\/uploads\/2024\/10\/Photo-Nadia-2.jpg\" alt=\"Tortue en balade\" width=\"640\" height=\"427\" \/>\r\n\t\t\t\t\t\t\t\t\t\t<div class=\"slideshow_description_box slideshow_transparent\">\r\n\t\t\t\t\t\t<h3 class=\"slideshow_title\">Tortue en balade<\/h3>\t\t\t\t\t\t\t\t\t\t\t<\/div>\r\n\t\t\t\t<\/div>\r\n\r\n\t\t\t\t\t\t<div style=\"clear: both;\"><\/div><\/div><div class=\"slideshow_view\">\r\n\t\t\t\t<div class=\"slideshow_slide slideshow_slide_image\">\r\n\t\t\t\t\t\t\t\t\t\t\t<img src=\"https:\/\/lesavoirpartage.org\/new\/wp-content\/uploads\/2024\/10\/20241010_162133-scaled.jpg\" alt=\"Repos bien m\u00e9rit\u00e9\" width=\"2560\" height=\"1920\" \/>\r\n\t\t\t\t\t\t\t\t\t\t<div class=\"slideshow_description_box slideshow_transparent\">\r\n\t\t\t\t\t\t<h3 class=\"slideshow_title\">Repos bien m\u00e9rit\u00e9<\/h3>\t\t\t\t\t\t\t\t\t\t\t<\/div>\r\n\t\t\t\t<\/div>\r\n\r\n\t\t\t\t\t\t<div style=\"clear: both;\"><\/div><\/div>\r\n\t\t<\/div>\r\n\r\n\t\t<div class=\"slideshow_controlPanel slideshow_transparent\" style=\"display: none;\"><ul><li class=\"slideshow_togglePlay\" data-play-text=\"Play\" data-pause-text=\"Pause\"><\/li><\/ul><\/div>\r\n\r\n\t\t<div class=\"slideshow_button slideshow_previous slideshow_transparent\" role=\"button\" data-previous-text=\"Pr\u00e9c\u00e9dent\" style=\"display: none;\"><\/div>\r\n\t\t<div class=\"slideshow_button slideshow_next slideshow_transparent\" role=\"button\" data-next-text=\"Suivant\" style=\"display: none;\"><\/div>\r\n\r\n\t\t<div class=\"slideshow_pagination\" style=\"display: none;\" data-go-to-text=\"Go to slide\"><div class=\"slideshow_pagination_center\"><\/div><\/div>\r\n\r\n\t\t<!-- WordPress Slideshow Version 2.3.1 -->\r\n\r\n\t\t\t<\/div>\r\n\r\n<\/li>\n<li><a href=\"http:\/\/lesavoirpartage.org\/new\/11-10-2016-visite-de-saint-montan-et-larnas\/\">11.10.2016 \u2013 Visite de Saint Montant et Larnas<\/a><\/li>\n<li><a class=\"row-title\" href=\"http:\/\/lesavoirpartage.org\/new\/26-mai-2016-visite-de-grignan-avec-jean-claude-vangierdegom\/\">26 Mai 2016 Visite de Grignan avec Jean-Claude Vangierdegom<\/a><\/li>\n<li><a href=\"http:\/\/lesavoirpartage.org\/new\/2-juin-2015-visite-du-musee-de-la-ruche-a-comps\/\">2 Juin 2015 Visite du mus\u00e9e de la ruche \u00e0 Comps<\/a><\/li>\n<li><a href=\"http:\/\/lesavoirpartage.org\/new\/6-mai-2015-sur-les-pas-de-guillaume-de-nogaret\/\">6 Mai 2015, Sur les pas de Guillaume de Nogaret<\/a><\/li>\n<li><a href=\"http:\/\/lesavoirpartage.org\/new\/19-03-2015-1ere-partie-de-laffaire-seznec-par-pierre-cote\/\">19.03.2015 - 1\u00e8re Partie de l'affaire SEZNEC par Pierre C\u00f4te<\/a><\/li>\n<li><a href=\"http:\/\/lesavoirpartage.org\/new\/17-03-2015-les-vins-espagnols-avec-patrice-natier\/\">17.03.2015 Les vins espagnols avec Patrice Natier<\/a><\/li>\n<li><a href=\"http:\/\/lesavoirpartage.org\/new\/03-03-2015-lage-dor-de-la-science-arabe-j-marc-fournier\/\">03.03.2015 L'AGE D'OR DE LA SCIENCE ARABE (J-Marc FOURNIER)<\/a><\/li>\n<li><a href=\"http:\/\/lesavoirpartage.org\/new\/26-02-2015-restauration-du-tombeau-des-ducs-de-bourgogne-benoit-lafa\/\">26.02.2015 RESTAURATION DU TOMBEAU DES DUCS DE BOURGOGNE, (Beno\u00eet LAFAY)<\/a><\/li>\n<li><a href=\"http:\/\/lesavoirpartage.org\/new\/20-01-2015-promenade-juridique-insolite-avec-pierre-cote\/\">20.01.2015 Promenade juridique insolite, avec Pierre C\u00f4te.<\/a><\/li>\n<li><a href=\"http:\/\/lesavoirpartage.org\/new\/assemblee-generale-du-06-octobre-2014\/\">Assembl\u00e9e G\u00e9n\u00e9rale du &nbsp;06 octobre 2014<\/a><\/li>\n<li><a href=\"http:\/\/lesavoirpartage.org\/new\/14-05-2014-patrimoine-protestant-en-petite-camargue-avec-patricia-carlier\/\">14.05.2014 PATRIMOINE PROTESTANT EN PETITE CAMARGUE, avec Patricia CARLIER<\/a><\/li>\n<li><a href=\"http:\/\/lesavoirpartage.org\/new\/05-04-2014-journee-a-lecole-de-beauvallon\/\">05.04.2014, JOURNEE \u00e0 l'Ecole de Beauvallon<\/a><\/li>\n<li><a href=\"http:\/\/lesavoirpartage.org\/new\/lespace-pre-texte-accueille-les-conferences-de-lsp\/\">L'Espace PRE TEXTE accueille les conf\u00e9rences de LSP.<\/a><\/li>\n<li><a href=\"http:\/\/lesavoirpartage.org\/new\/assistance-aux-conferences-2013-et-suivants\/\">Assistance aux conf\u00e9rences 2013 et suivants<\/a><\/li>\n<li><a href=\"http:\/\/lesavoirpartage.org\/new\/17-10-2013-visite-de-grenoble-et-ses-monuments-avec-alain-tillier\/\">17.10.2013 Visite de Grenoble et ses Monuments avec Alain TILLIER.<\/a><\/li>\n<li><a href=\"http:\/\/lesavoirpartage.org\/new\/27-05-2013-visite-de-viviers-avec-yvonne-leclere\/\">27.05.2013 Visite de Viviers avec Yvonne Lecl\u00e8re<\/a><\/li>\n<li><a href=\"http:\/\/lesavoirpartage.org\/new\/evenements\/\">Ev\u00e9nements<\/a><\/li>\n<li><a href=\"http:\/\/lesavoirpartage.org\/new\/cours-et-conferences-2010\/\">Cours et conf\u00e9rences 2010<\/a><\/li>\n<li><a href=\"http:\/\/lesavoirpartage.org\/new\/12-05-2010-journee-vieilles-vignes-du-languedoc-avec-patricia-carlier\/\">12.05.2010 Journ\u00e9e Vieilles vignes du Languedoc avec Patricia Carlier.<\/a><\/li>\n<li><a href=\"http:\/\/lesavoirpartage.org\/new\/conferences-2009\/\">Conf\u00e9rences 2009<\/a><\/li>\n<li><a href=\"http:\/\/lesavoirpartage.org\/new\/visites-2009\/\">Visites 2009<\/a><\/li>\n<li><a href=\"http:\/\/lesavoirpartage.org\/new\/ag\/\">AG<\/a><\/li>\n<\/ul>\n<p>&nbsp;<\/p>\n","protected":false},"excerpt":{"rendered":"Cliquez sur un diaporama ci-dessous 11.10.2016 \u2013 Visite de Saint Montant et Larnas 26 Mai 2016 Visite de Grignan avec Jean-Claude Vangierdegom 2 Juin 2015 Visite du mus\u00e9e de la ruche \u00e0 Comps 6 Mai 2015, Sur les pas de Guillaume de Nogaret 19.03.2015 - 1\u00e8re Partie de l'affaire SEZNEC par Pierre C\u00f4te 17.03.2015 Les vins espagnols avec Patrice Natier&nbsp;<a href=\"https:\/\/lesavoirpartage.org\/new\/photos\/\" class=\"read-more\">Lire la suite<\/a>","protected":false},"author":2,"featured_media":0,"parent":0,"menu_order":0,"comment_status":"closed","ping_status":"closed","template":"","meta":{"_mi_skip_tracking":false,"_monsterinsights_sitenote_active":false,"_monsterinsights_sitenote_note":"","_monsterinsights_sitenote_category":0,"footnotes":""},"class_list":["post-901","page","type-page","status-publish","hentry"],"acf":[],"_links":{"self":[{"href":"https:\/\/lesavoirpartage.org\/new\/wp-json\/wp\/v2\/pages\/901","targetHints":{"allow":["GET"]}}],"collection":[{"href":"https:\/\/lesavoirpartage.org\/new\/wp-json\/wp\/v2\/pages"}],"about":[{"href":"https:\/\/lesavoirpartage.org\/new\/wp-json\/wp\/v2\/types\/page"}],"author":[{"embeddable":true,"href":"https:\/\/lesavoirpartage.org\/new\/wp-json\/wp\/v2\/users\/2"}],"replies":[{"embeddable":true,"href":"https:\/\/lesavoirpartage.org\/new\/wp-json\/wp\/v2\/comments?post=901"}],"version-history":[{"count":28,"href":"https:\/\/lesavoirpartage.org\/new\/wp-json\/wp\/v2\/pages\/901\/revisions"}],"predecessor-version":[{"id":3241,"href":"https:\/\/lesavoirpartage.org\/new\/wp-json\/wp\/v2\/pages\/901\/revisions\/3241"}],"wp:attachment":[{"href":"https:\/\/lesavoirpartage.org\/new\/wp-json\/wp\/v2\/media?parent=901"}],"curies":[{"name":"wp","href":"https:\/\/api.w.org\/{rel}","templated":true}]}}