{"id":869,"date":"2016-05-08T17:57:14","date_gmt":"2016-05-08T16:57:14","guid":{"rendered":"http:\/\/lesavoirpartage.org\/new\/?page_id=869"},"modified":"2016-05-08T17:57:51","modified_gmt":"2016-05-08T16:57:51","slug":"assistance-aux-conferences-2013-et-suivants","status":"publish","type":"page","link":"https:\/\/lesavoirpartage.org\/new\/assistance-aux-conferences-2013-et-suivants\/","title":{"rendered":"Assistance aux conf\u00e9rences 2013 et suivants"},"content":{"rendered":"\r\n\t<div class=\"slideshow_container slideshow_container_style-light\" style=\" max-width: 755px;\" data-slideshow-id=\"535\" data-style-name=\"style-light\" data-style-version=\"2.3.1\" >\r\n\r\n\t\t\t\t\t<div class=\"slideshow_loading_icon\"><\/div>\r\n\t\t\r\n\t\t<div class=\"slideshow_content\" style=\"display: none;\">\r\n\r\n\t\t\t<div class=\"slideshow_view\">\r\n\t\t\t\t<div class=\"slideshow_slide slideshow_slide_image\">\r\n\t\t\t\t\t\t\t\t\t\t\t<img src=\"https:\/\/lesavoirpartage.org\/new\/wp-content\/uploads\/2016\/05\/212sousthemes.jpg\" alt=\"Le 4 mars 2015, Patrick Callet nous a parl\u00e9 des couleurs et de leur perception &quot;\" width=\"2592\" height=\"1936\" \/>\r\n\t\t\t\t\t\t\t\t\t\t<div class=\"slideshow_description_box slideshow_transparent\">\r\n\t\t\t\t\t\t<div class=\"slideshow_title\">Le 4 mars 2015, Patrick Callet nous a parl\u00e9 des couleurs et de leur perception &quot;<\/div>\t\t\t\t\t\t\t\t\t\t\t<\/div>\r\n\t\t\t\t<\/div>\r\n\r\n\t\t\t\t\t\t<div style=\"clear: both;\"><\/div><\/div><div class=\"slideshow_view\">\r\n\t\t\t\t<div class=\"slideshow_slide slideshow_slide_image\">\r\n\t\t\t\t\t\t\t\t\t\t\t<img src=\"https:\/\/lesavoirpartage.org\/new\/wp-content\/uploads\/2016\/05\/159sousthemes.jpg\" alt=\"Le 24.2.15, Jean-Marc Fournier nous a passionn\u00e9 sur l&#039;\u00e2ge d&#039;or de la science arabe.\" width=\"2592\" height=\"1936\" \/>\r\n\t\t\t\t\t\t\t\t\t\t<div class=\"slideshow_description_box slideshow_transparent\">\r\n\t\t\t\t\t\t<div class=\"slideshow_title\">Le 24.2.15, Jean-Marc Fournier nous a passionn\u00e9 sur l&#039;\u00e2ge d&#039;or de la science arabe.<\/div>\t\t\t\t\t\t\t\t\t\t\t<\/div>\r\n\t\t\t\t<\/div>\r\n\r\n\t\t\t\t\t\t<div style=\"clear: both;\"><\/div><\/div><div class=\"slideshow_view\">\r\n\t\t\t\t<div class=\"slideshow_slide slideshow_slide_image\">\r\n\t\t\t\t\t\t\t\t\t\t\t<img src=\"https:\/\/lesavoirpartage.org\/new\/wp-content\/uploads\/2016\/05\/158sousthemes.jpg\" alt=\"Patrice NATIER nous a cont\u00e9 l&#039;histoire de PECHINEY, suivie d&#039;\u00e9changes interessants.\" width=\"2592\" height=\"1936\" \/>\r\n\t\t\t\t\t\t\t\t\t\t<div class=\"slideshow_description_box slideshow_transparent\">\r\n\t\t\t\t\t\t<div class=\"slideshow_title\">Patrice NATIER nous a cont\u00e9 l&#039;histoire de PECHINEY, suivie d&#039;\u00e9changes interessants.<\/div>\t\t\t\t\t\t\t\t\t\t\t<\/div>\r\n\t\t\t\t<\/div>\r\n\r\n\t\t\t\t\t\t<div style=\"clear: both;\"><\/div><\/div><div class=\"slideshow_view\">\r\n\t\t\t\t<div class=\"slideshow_slide slideshow_slide_image\">\r\n\t\t\t\t\t\t\t\t\t\t\t<img src=\"https:\/\/lesavoirpartage.org\/new\/wp-content\/uploads\/2016\/05\/143sousthemes.jpg\" alt=\"Anne Beaumanoir nous pr\u00e9sente Sophie Bessis.\" width=\"640\" height=\"480\" \/>\r\n\t\t\t\t\t\t\t\t\t\t<div class=\"slideshow_description_box slideshow_transparent\">\r\n\t\t\t\t\t\t<div class=\"slideshow_title\">Anne Beaumanoir nous pr\u00e9sente Sophie Bessis.<\/div>\t\t\t\t\t\t\t\t\t\t\t<\/div>\r\n\t\t\t\t<\/div>\r\n\r\n\t\t\t\t\t\t<div style=\"clear: both;\"><\/div><\/div><div class=\"slideshow_view\">\r\n\t\t\t\t<div class=\"slideshow_slide slideshow_slide_image\">\r\n\t\t\t\t\t\t\t\t\t\t\t<img src=\"https:\/\/lesavoirpartage.org\/new\/wp-content\/uploads\/2016\/05\/142sousthemes.jpg\" alt=\"Le 11.12.2014, au Labor, un auditoire attentif pour Sophie BESSIS.\" width=\"2592\" height=\"1936\" \/>\r\n\t\t\t\t\t\t\t\t\t\t<div class=\"slideshow_description_box slideshow_transparent\">\r\n\t\t\t\t\t\t<div class=\"slideshow_title\">Le 11.12.2014, au Labor, un auditoire attentif pour Sophie BESSIS.<\/div>\t\t\t\t\t\t\t\t\t\t\t<\/div>\r\n\t\t\t\t<\/div>\r\n\r\n\t\t\t\t\t\t<div style=\"clear: both;\"><\/div><\/div><div class=\"slideshow_view\">\r\n\t\t\t\t<div class=\"slideshow_slide slideshow_slide_image\">\r\n\t\t\t\t\t\t\t\t\t\t\t<img src=\"https:\/\/lesavoirpartage.org\/new\/wp-content\/uploads\/2016\/05\/141sousthemes.jpg\" alt=\"Le 09\/12\/2014 conf\u00e9rence de Daniel Soudan \u00e0 DIEULEFIT Sant\u00e9.\" width=\"2592\" height=\"1936\" \/>\r\n\t\t\t\t\t\t\t\t\t\t<div class=\"slideshow_description_box slideshow_transparent\">\r\n\t\t\t\t\t\t<div class=\"slideshow_title\">Le 09\/12\/2014 conf\u00e9rence de Daniel Soudan \u00e0 DIEULEFIT Sant\u00e9.<\/div>\t\t\t\t\t\t\t\t\t\t\t<\/div>\r\n\t\t\t\t<\/div>\r\n\r\n\t\t\t\t\t\t<div style=\"clear: both;\"><\/div><\/div><div class=\"slideshow_view\">\r\n\t\t\t\t<div class=\"slideshow_slide slideshow_slide_image\">\r\n\t\t\t\t\t\t\t\t\t\t\t<img src=\"https:\/\/lesavoirpartage.org\/new\/wp-content\/uploads\/2016\/05\/139sousthemes.jpg\" alt=\"Le 27\/11\/2014, \u00e0 DIEULEFIT Sant\u00e9, Jean-Paul Bourguet nous a fait d\u00e9couvrir la p\u00e9ninsule du Sina\u00ef.\" width=\"2592\" height=\"1936\" \/>\r\n\t\t\t\t\t\t\t\t\t\t<div class=\"slideshow_description_box slideshow_transparent\">\r\n\t\t\t\t\t\t<div class=\"slideshow_title\">Le 27\/11\/2014, \u00e0 DIEULEFIT Sant\u00e9, Jean-Paul Bourguet nous a fait d\u00e9couvrir la p\u00e9ninsule du Sina\u00ef.<\/div>\t\t\t\t\t\t\t\t\t\t\t<\/div>\r\n\t\t\t\t<\/div>\r\n\r\n\t\t\t\t\t\t<div style=\"clear: both;\"><\/div><\/div><div class=\"slideshow_view\">\r\n\t\t\t\t<div class=\"slideshow_slide slideshow_slide_image\">\r\n\t\t\t\t\t\t\t\t\t\t\t<img src=\"https:\/\/lesavoirpartage.org\/new\/wp-content\/uploads\/2016\/05\/133sousthemes.jpg\" alt=\"Le 25\/11\/2014, Jannick Roussel a passionn\u00e9 son auditoire et a fait d\u00e9couvrir des pi\u00e8ces magnifiques de conservation.\" width=\"2056\" height=\"1536\" \/>\r\n\t\t\t\t\t\t\t\t\t\t<div class=\"slideshow_description_box slideshow_transparent\">\r\n\t\t\t\t\t\t<div class=\"slideshow_title\">Le 25\/11\/2014, Jannick Roussel a passionn\u00e9 son auditoire et a fait d\u00e9couvrir des pi\u00e8ces magnifiques de conservation.<\/div>\t\t\t\t\t\t\t\t\t\t\t<\/div>\r\n\t\t\t\t<\/div>\r\n\r\n\t\t\t\t\t\t<div style=\"clear: both;\"><\/div><\/div><div class=\"slideshow_view\">\r\n\t\t\t\t<div class=\"slideshow_slide slideshow_slide_image\">\r\n\t\t\t\t\t\t\t\t\t\t\t<img src=\"https:\/\/lesavoirpartage.org\/new\/wp-content\/uploads\/2016\/05\/132sousthemes.jpg\" alt=\"Le 18.11.2014, Archim\u00e8de a fait archi comble : 70 personnes sont venues \u00e9couter Jean-Marc !\" width=\"2592\" height=\"1936\" \/>\r\n\t\t\t\t\t\t\t\t\t\t<div class=\"slideshow_description_box slideshow_transparent\">\r\n\t\t\t\t\t\t<div class=\"slideshow_title\">Le 18.11.2014, Archim\u00e8de a fait archi comble : 70 personnes sont venues \u00e9couter Jean-Marc !<\/div>\t\t\t\t\t\t\t\t\t\t\t<\/div>\r\n\t\t\t\t<\/div>\r\n\r\n\t\t\t\t\t\t<div style=\"clear: both;\"><\/div><\/div><div class=\"slideshow_view\">\r\n\t\t\t\t<div class=\"slideshow_slide slideshow_slide_image\">\r\n\t\t\t\t\t\t\t\t\t\t\t<img src=\"https:\/\/lesavoirpartage.org\/new\/wp-content\/uploads\/2016\/05\/130sousthemes.jpg\" alt=\"Roger CAVET, LE 13.11.2014 nous raconte l&#039;histoire de la maison CAVET, et du picodon.\" width=\"1280\" height=\"720\" \/>\r\n\t\t\t\t\t\t\t\t\t\t<div class=\"slideshow_description_box slideshow_transparent\">\r\n\t\t\t\t\t\t<div class=\"slideshow_title\">Roger CAVET, LE 13.11.2014 nous raconte l&#039;histoire de la maison CAVET, et du picodon.<\/div>\t\t\t\t\t\t\t\t\t\t\t<\/div>\r\n\t\t\t\t<\/div>\r\n\r\n\t\t\t\t\t\t<div style=\"clear: both;\"><\/div><\/div><div class=\"slideshow_view\">\r\n\t\t\t\t<div class=\"slideshow_slide slideshow_slide_image\">\r\n\t\t\t\t\t\t\t\t\t\t\t<img src=\"https:\/\/lesavoirpartage.org\/new\/wp-content\/uploads\/2016\/05\/129sousthemes.jpg\" alt=\"Les 7 et 14 octobre 2014, nous avons pris le chemin de l&#039;\u00e9cole d&#039;Alexandrie, avec Jean-Marc.\" width=\"2592\" height=\"1936\" \/>\r\n\t\t\t\t\t\t\t\t\t\t<div class=\"slideshow_description_box slideshow_transparent\">\r\n\t\t\t\t\t\t<div class=\"slideshow_title\">Les 7 et 14 octobre 2014, nous avons pris le chemin de l&#039;\u00e9cole d&#039;Alexandrie, avec Jean-Marc.<\/div>\t\t\t\t\t\t\t\t\t\t\t<\/div>\r\n\t\t\t\t<\/div>\r\n\r\n\t\t\t\t\t\t<div style=\"clear: both;\"><\/div><\/div><div class=\"slideshow_view\">\r\n\t\t\t\t<div class=\"slideshow_slide slideshow_slide_image\">\r\n\t\t\t\t\t\t\t\t\t\t\t<img src=\"https:\/\/lesavoirpartage.org\/new\/wp-content\/uploads\/2016\/05\/94sousthemes.jpg\" alt=\"Fran\u00e7oise BARNIER (PMH) Jean-Marc FOURNIER (LSP) en partenariat pour une conf\u00e9rence sur la guerre de 14\/18 anim\u00e9 par Alain SAUGER, devant un public nombreux.,\" width=\"2592\" height=\"1936\" \/>\r\n\t\t\t\t\t\t\t\t\t\t<div class=\"slideshow_description_box slideshow_transparent\">\r\n\t\t\t\t\t\t<div class=\"slideshow_title\">Fran\u00e7oise BARNIER (PMH) Jean-Marc FOURNIER (LSP) en partenariat pour une conf\u00e9rence sur la guerre de 14\/18 anim\u00e9 par Alain SAUGER, devant un public nombreux.,<\/div>\t\t\t\t\t\t\t\t\t\t\t<\/div>\r\n\t\t\t\t<\/div>\r\n\r\n\t\t\t\t\t\t<div style=\"clear: both;\"><\/div><\/div><div class=\"slideshow_view\">\r\n\t\t\t\t<div class=\"slideshow_slide slideshow_slide_image\">\r\n\t\t\t\t\t\t\t\t\t\t\t<img src=\"https:\/\/lesavoirpartage.org\/new\/wp-content\/uploads\/2016\/05\/93sousthemes.jpg\" alt=\"01 avril 2014, c&#039;est Jean-Marc FOURNIER qui nous \u00e9voque les femmes pionni\u00e8res dans les sciences.\" width=\"2592\" height=\"1936\" \/>\r\n\t\t\t\t\t\t\t\t\t\t<div class=\"slideshow_description_box slideshow_transparent\">\r\n\t\t\t\t\t\t<div class=\"slideshow_title\">01 avril 2014, c&#039;est Jean-Marc FOURNIER qui nous \u00e9voque les femmes pionni\u00e8res dans les sciences.<\/div>\t\t\t\t\t\t\t\t\t\t\t<\/div>\r\n\t\t\t\t<\/div>\r\n\r\n\t\t\t\t\t\t<div style=\"clear: both;\"><\/div><\/div><div class=\"slideshow_view\">\r\n\t\t\t\t<div class=\"slideshow_slide slideshow_slide_image\">\r\n\t\t\t\t\t\t\t\t\t\t\t<img src=\"https:\/\/lesavoirpartage.org\/new\/wp-content\/uploads\/2016\/05\/91sousthemes.jpg\" alt=\"Une belle assisance pour G\u00e9rard Hennebique, qui a d\u00e9voil\u00e9 les secrets du Chateau LOUBET\" width=\"2592\" height=\"1936\" \/>\r\n\t\t\t\t\t\t\t\t\t\t<div class=\"slideshow_description_box slideshow_transparent\">\r\n\t\t\t\t\t\t<div class=\"slideshow_title\">Une belle assisance pour G\u00e9rard Hennebique, qui a d\u00e9voil\u00e9 les secrets du Chateau LOUBET<\/div>\t\t\t\t\t\t\t\t\t\t\t<\/div>\r\n\t\t\t\t<\/div>\r\n\r\n\t\t\t\t\t\t<div style=\"clear: both;\"><\/div><\/div><div class=\"slideshow_view\">\r\n\t\t\t\t<div class=\"slideshow_slide slideshow_slide_image\">\r\n\t\t\t\t\t\t\t\t\t\t\t<img src=\"https:\/\/lesavoirpartage.org\/new\/wp-content\/uploads\/2016\/05\/89sousthemes.jpg\" alt=\"conf\u00e9rence de Michel Wullschleger, \u00e0 Dieulefit-Sant\u00e9 sur les cisterciens et les chartreux du vercors\" width=\"2592\" height=\"1936\" \/>\r\n\t\t\t\t\t\t\t\t\t\t<div class=\"slideshow_description_box slideshow_transparent\">\r\n\t\t\t\t\t\t<div class=\"slideshow_title\">conf\u00e9rence de Michel Wullschleger, \u00e0 Dieulefit-Sant\u00e9 sur les cisterciens et les chartreux du vercors<\/div>\t\t\t\t\t\t\t\t\t\t\t<\/div>\r\n\t\t\t\t<\/div>\r\n\r\n\t\t\t\t\t\t<div style=\"clear: both;\"><\/div><\/div><div class=\"slideshow_view\">\r\n\t\t\t\t<div class=\"slideshow_slide slideshow_slide_image\">\r\n\t\t\t\t\t\t\t\t\t\t\t<img src=\"https:\/\/lesavoirpartage.org\/new\/wp-content\/uploads\/2016\/05\/86sousthemes.jpg\" alt=\"G\u00e9raldine Montgomery a passionn\u00e9 son auditoire avec l&#039;Etrange d&#039;Albert Camus, le 25 f\u00e9vrier 2014.\" width=\"2592\" height=\"1936\" \/>\r\n\t\t\t\t\t\t\t\t\t\t<div class=\"slideshow_description_box slideshow_transparent\">\r\n\t\t\t\t\t\t<div class=\"slideshow_title\">G\u00e9raldine Montgomery a passionn\u00e9 son auditoire avec l&#039;Etrange d&#039;Albert Camus, le 25 f\u00e9vrier 2014.<\/div>\t\t\t\t\t\t\t\t\t\t\t<\/div>\r\n\t\t\t\t<\/div>\r\n\r\n\t\t\t\t\t\t<div style=\"clear: both;\"><\/div><\/div><div class=\"slideshow_view\">\r\n\t\t\t\t<div class=\"slideshow_slide slideshow_slide_image\">\r\n\t\t\t\t\t\t\t\t\t\t\t<img src=\"https:\/\/lesavoirpartage.org\/new\/wp-content\/uploads\/2016\/05\/83sousthemes.jpg\" alt=\"L&#039;affaire Dominici nous a tenu en haleine, gr\u00e2ce aux talents de Pierre C\u00d4TE.\" width=\"400\" height=\"300\" \/>\r\n\t\t\t\t\t\t\t\t\t\t<div class=\"slideshow_description_box slideshow_transparent\">\r\n\t\t\t\t\t\t<div class=\"slideshow_title\">L&#039;affaire Dominici nous a tenu en haleine, gr\u00e2ce aux talents de Pierre C\u00d4TE.<\/div>\t\t\t\t\t\t\t\t\t\t\t<\/div>\r\n\t\t\t\t<\/div>\r\n\r\n\t\t\t\t\t\t<div style=\"clear: both;\"><\/div><\/div><div class=\"slideshow_view\">\r\n\t\t\t\t<div class=\"slideshow_slide slideshow_slide_image\">\r\n\t\t\t\t\t\t\t\t\t\t\t<img src=\"https:\/\/lesavoirpartage.org\/new\/wp-content\/uploads\/2016\/05\/82sousthemes.jpg\" alt=\"Conf\u00e9rence pr\u00e9paratoire pour la visite de Grenoble par Alain TILLIER\" width=\"400\" height=\"300\" \/>\r\n\t\t\t\t\t\t\t\t\t\t<div class=\"slideshow_description_box slideshow_transparent\">\r\n\t\t\t\t\t\t<div class=\"slideshow_title\">Conf\u00e9rence pr\u00e9paratoire pour la visite de Grenoble par Alain TILLIER<\/div>\t\t\t\t\t\t\t\t\t\t\t<\/div>\r\n\t\t\t\t<\/div>\r\n\r\n\t\t\t\t\t\t<div style=\"clear: both;\"><\/div><\/div><div class=\"slideshow_view\">\r\n\t\t\t\t<div class=\"slideshow_slide slideshow_slide_image\">\r\n\t\t\t\t\t\t\t\t\t\t\t<img src=\"https:\/\/lesavoirpartage.org\/new\/wp-content\/uploads\/2016\/05\/80sousthemes.jpg\" alt=\"Jean-Marc FOURNIER, devant une belle assistance, nous a parl\u00e9 du fer.\" width=\"1296\" height=\"968\" \/>\r\n\t\t\t\t\t\t\t\t\t\t<div class=\"slideshow_description_box slideshow_transparent\">\r\n\t\t\t\t\t\t<div class=\"slideshow_title\">Jean-Marc FOURNIER, devant une belle assistance, nous a parl\u00e9 du fer.<\/div>\t\t\t\t\t\t\t\t\t\t\t<\/div>\r\n\t\t\t\t<\/div>\r\n\r\n\t\t\t\t\t\t<div style=\"clear: both;\"><\/div><\/div><div class=\"slideshow_view\">\r\n\t\t\t\t<div class=\"slideshow_slide slideshow_slide_image\">\r\n\t\t\t\t\t\t\t\t\t\t\t<img src=\"https:\/\/lesavoirpartage.org\/new\/wp-content\/uploads\/2016\/05\/79sousthemes.jpg\" alt=\"Jean Rabaud a su nous passionner pour les centrales hydro-\u00e9lectriques\" width=\"480\" height=\"640\" \/>\r\n\t\t\t\t\t\t\t\t\t\t<div class=\"slideshow_description_box slideshow_transparent\">\r\n\t\t\t\t\t\t<div class=\"slideshow_title\">Jean Rabaud a su nous passionner pour les centrales hydro-\u00e9lectriques<\/div>\t\t\t\t\t\t\t\t\t\t\t<\/div>\r\n\t\t\t\t<\/div>\r\n\r\n\t\t\t\t\t\t<div style=\"clear: both;\"><\/div><\/div><div class=\"slideshow_view\">\r\n\t\t\t\t<div class=\"slideshow_slide slideshow_slide_image\">\r\n\t\t\t\t\t\t\t\t\t\t\t<img src=\"https:\/\/lesavoirpartage.org\/new\/wp-content\/uploads\/2016\/05\/78sousthemes.jpg\" alt=\"conf\u00e9rence de Faouzia Charfi, physicienne et professeure \u00e0 l&#039;universit\u00e9 de Tunis, le mardi 5 novembre 2013 \u00e0 18h00 \u00e0 La Halle\" width=\"400\" height=\"300\" \/>\r\n\t\t\t\t\t\t\t\t\t\t<div class=\"slideshow_description_box slideshow_transparent\">\r\n\t\t\t\t\t\t<div class=\"slideshow_title\">conf\u00e9rence de Faouzia Charfi, physicienne et professeure \u00e0 l&#039;universit\u00e9 de Tunis, le mardi 5 novembre 2013 \u00e0 18h00 \u00e0 La Halle<\/div>\t\t\t\t\t\t\t\t\t\t\t<\/div>\r\n\t\t\t\t<\/div>\r\n\r\n\t\t\t\t\t\t<div style=\"clear: both;\"><\/div><\/div>\r\n\t\t<\/div>\r\n\r\n\t\t<div class=\"slideshow_controlPanel slideshow_transparent\" style=\"display: none;\"><ul><li class=\"slideshow_togglePlay\" data-play-text=\"Play\" data-pause-text=\"Pause\"><\/li><\/ul><\/div>\r\n\r\n\t\t<div class=\"slideshow_button slideshow_previous slideshow_transparent\" role=\"button\" data-previous-text=\"Pr\u00e9c\u00e9dent\" style=\"display: none;\"><\/div>\r\n\t\t<div class=\"slideshow_button slideshow_next slideshow_transparent\" role=\"button\" data-next-text=\"Suivant\" style=\"display: none;\"><\/div>\r\n\r\n\t\t<div class=\"slideshow_pagination\" style=\"display: none;\" data-go-to-text=\"Go to slide\"><div class=\"slideshow_pagination_center\"><\/div><\/div>\r\n\r\n\t\t<!-- WordPress Slideshow Version 2.3.1 -->\r\n\r\n\t\t\t<\/div>\r\n\r\n\n","protected":false},"excerpt":{"rendered":"","protected":false},"author":1,"featured_media":0,"parent":0,"menu_order":0,"comment_status":"closed","ping_status":"closed","template":"","meta":{"_mi_skip_tracking":false,"_monsterinsights_sitenote_active":false,"_monsterinsights_sitenote_note":"","_monsterinsights_sitenote_category":0,"footnotes":""},"class_list":["post-869","page","type-page","status-publish","hentry"],"acf":[],"_links":{"self":[{"href":"https:\/\/lesavoirpartage.org\/new\/wp-json\/wp\/v2\/pages\/869","targetHints":{"allow":["GET"]}}],"collection":[{"href":"https:\/\/lesavoirpartage.org\/new\/wp-json\/wp\/v2\/pages"}],"about":[{"href":"https:\/\/lesavoirpartage.org\/new\/wp-json\/wp\/v2\/types\/page"}],"author":[{"embeddable":true,"href":"https:\/\/lesavoirpartage.org\/new\/wp-json\/wp\/v2\/users\/1"}],"replies":[{"embeddable":true,"href":"https:\/\/lesavoirpartage.org\/new\/wp-json\/wp\/v2\/comments?post=869"}],"version-history":[{"count":2,"href":"https:\/\/lesavoirpartage.org\/new\/wp-json\/wp\/v2\/pages\/869\/revisions"}],"predecessor-version":[{"id":871,"href":"https:\/\/lesavoirpartage.org\/new\/wp-json\/wp\/v2\/pages\/869\/revisions\/871"}],"wp:attachment":[{"href":"https:\/\/lesavoirpartage.org\/new\/wp-json\/wp\/v2\/media?parent=869"}],"curies":[{"name":"wp","href":"https:\/\/api.w.org\/{rel}","templated":true}]}}