{"id":866,"date":"2016-05-07T14:26:29","date_gmt":"2016-05-07T13:26:29","guid":{"rendered":"http:\/\/lesavoirpartage.org\/new\/?page_id=866"},"modified":"2016-05-07T14:26:29","modified_gmt":"2016-05-07T13:26:29","slug":"17-10-2013-visite-de-grenoble-et-ses-monuments-avec-alain-tillier","status":"publish","type":"page","link":"https:\/\/lesavoirpartage.org\/new\/17-10-2013-visite-de-grenoble-et-ses-monuments-avec-alain-tillier\/","title":{"rendered":"17.10.2013 Visite de Grenoble et ses Monuments avec Alain TILLIER."},"content":{"rendered":"\r\n\t<div class=\"slideshow_container slideshow_container_style-light\" style=\" max-width: 755px;\" data-slideshow-id=\"534\" data-style-name=\"style-light\" data-style-version=\"2.3.1\" >\r\n\r\n\t\t\t\t\t<div class=\"slideshow_loading_icon\"><\/div>\r\n\t\t\r\n\t\t<div class=\"slideshow_content\" style=\"display: none;\">\r\n\r\n\t\t\t<div class=\"slideshow_view\">\r\n\t\t\t\t<div class=\"slideshow_slide slideshow_slide_image\">\r\n\t\t\t\t\t\t\t\t\t\t\t<img src=\"https:\/\/lesavoirpartage.org\/new\/wp-content\/uploads\/2016\/05\/76sousthemes.jpg\" alt=\"la villa LA CASAMAURES\" width=\"400\" height=\"300\" \/>\r\n\t\t\t\t\t\t\t\t\t\t<div class=\"slideshow_description_box slideshow_transparent\">\r\n\t\t\t\t\t\t<div class=\"slideshow_title\">la villa LA CASAMAURES<\/div>\t\t\t\t\t\t<div class=\"slideshow_description\">Perch\u00e9e sur les hauteurs de Saint-Martin-le-Vinoux, pr\u00e8s de Grenoble, la villa LA CASAMAURES cr\u00e9e la surprise avec ses fa\u00e7ades n\u00e9omauresques.<\/div>\t\t\t\t\t<\/div>\r\n\t\t\t\t<\/div>\r\n\r\n\t\t\t\t\t\t<div style=\"clear: both;\"><\/div><\/div><div class=\"slideshow_view\">\r\n\t\t\t\t<div class=\"slideshow_slide slideshow_slide_image\">\r\n\t\t\t\t\t\t\t\t\t\t\t<img src=\"https:\/\/lesavoirpartage.org\/new\/wp-content\/uploads\/2016\/05\/75sousthemes.jpg\" alt=\"Un d\u00e9tail de la fa\u00e7ade\" width=\"400\" height=\"300\" \/>\r\n\t\t\t\t\t\t\t\t\t\t<div class=\"slideshow_description_box slideshow_transparent\">\r\n\t\t\t\t\t\t<div class=\"slideshow_title\">Un d\u00e9tail de la fa\u00e7ade<\/div>\t\t\t\t\t\t\t\t\t\t\t<\/div>\r\n\t\t\t\t<\/div>\r\n\r\n\t\t\t\t\t\t<div style=\"clear: both;\"><\/div><\/div><div class=\"slideshow_view\">\r\n\t\t\t\t<div class=\"slideshow_slide slideshow_slide_image\">\r\n\t\t\t\t\t\t\t\t\t\t\t<img src=\"https:\/\/lesavoirpartage.org\/new\/wp-content\/uploads\/2016\/05\/74sousthemes.jpg\" alt=\"Le plafond extr\u00eamement bien d\u00e9cor\u00e9 d&#039;un petit salon\" width=\"400\" height=\"300\" \/>\r\n\t\t\t\t\t\t\t\t\t\t<div class=\"slideshow_description_box slideshow_transparent\">\r\n\t\t\t\t\t\t<div class=\"slideshow_title\">Le plafond extr\u00eamement bien d\u00e9cor\u00e9 d&#039;un petit salon<\/div>\t\t\t\t\t\t\t\t\t\t\t<\/div>\r\n\t\t\t\t<\/div>\r\n\r\n\t\t\t\t\t\t<div style=\"clear: both;\"><\/div><\/div><div class=\"slideshow_view\">\r\n\t\t\t\t<div class=\"slideshow_slide slideshow_slide_image\">\r\n\t\t\t\t\t\t\t\t\t\t\t<img src=\"https:\/\/lesavoirpartage.org\/new\/wp-content\/uploads\/2016\/05\/73sousthemes.jpg\" alt=\"Communiquant avec la cath\u00e9drale tr\u00e8s sobre, l&#039;\u00e9glise Saint-Andr\u00e9.\" width=\"400\" height=\"300\" \/>\r\n\t\t\t\t\t\t\t\t\t\t<div class=\"slideshow_description_box slideshow_transparent\">\r\n\t\t\t\t\t\t<div class=\"slideshow_title\">Communiquant avec la cath\u00e9drale tr\u00e8s sobre, l&#039;\u00e9glise Saint-Andr\u00e9.<\/div>\t\t\t\t\t\t\t\t\t\t\t<\/div>\r\n\t\t\t\t<\/div>\r\n\r\n\t\t\t\t\t\t<div style=\"clear: both;\"><\/div><\/div><div class=\"slideshow_view\">\r\n\t\t\t\t<div class=\"slideshow_slide slideshow_slide_image\">\r\n\t\t\t\t\t\t\t\t\t\t\t<img src=\"https:\/\/lesavoirpartage.org\/new\/wp-content\/uploads\/2016\/05\/72sousthemes.jpg\" alt=\"Cath\u00e9drale Notre-Dame\" width=\"400\" height=\"300\" \/>\r\n\t\t\t\t\t\t\t\t\t\t<div class=\"slideshow_description_box slideshow_transparent\">\r\n\t\t\t\t\t\t<div class=\"slideshow_title\">Cath\u00e9drale Notre-Dame<\/div>\t\t\t\t\t\t\t\t\t\t\t<\/div>\r\n\t\t\t\t<\/div>\r\n\r\n\t\t\t\t\t\t<div style=\"clear: both;\"><\/div><\/div><div class=\"slideshow_view\">\r\n\t\t\t\t<div class=\"slideshow_slide slideshow_slide_image\">\r\n\t\t\t\t\t\t\t\t\t\t\t<img src=\"https:\/\/lesavoirpartage.org\/new\/wp-content\/uploads\/2016\/05\/71sousthemes.jpg\" alt=\"Situ\u00e9 au c\u0153ur du centre historique de Grenoble, \u00e0 proximit\u00e9 imm\u00e9diate de la cath\u00e9drale, le Mus\u00e9e de l&#039;Ancien \u00c9v\u00each\u00e9 est install\u00e9 dans l&#039;ancien palais des Ev\u00eaques, \u00e9difice prot\u00e9g\u00e9 au titre des Monuments historiques\" width=\"400\" height=\"300\" \/>\r\n\t\t\t\t\t\t\t\t\t\t<div class=\"slideshow_description_box slideshow_transparent\">\r\n\t\t\t\t\t\t<div class=\"slideshow_title\">Situ\u00e9 au c\u0153ur du centre historique de Grenoble, \u00e0 proximit\u00e9 imm\u00e9diate de la cath\u00e9drale, le Mus\u00e9e de l&#039;Ancien \u00c9v\u00each\u00e9 est install\u00e9 dans l&#039;ancien palais des Ev\u00eaques, \u00e9difice prot\u00e9g\u00e9 au titre des Monuments historiques<\/div>\t\t\t\t\t\t\t\t\t\t\t<\/div>\r\n\t\t\t\t<\/div>\r\n\r\n\t\t\t\t\t\t<div style=\"clear: both;\"><\/div><\/div><div class=\"slideshow_view\">\r\n\t\t\t\t<div class=\"slideshow_slide slideshow_slide_image\">\r\n\t\t\t\t\t\t\t\t\t\t\t<img src=\"https:\/\/lesavoirpartage.org\/new\/wp-content\/uploads\/2016\/05\/70sousthemes.jpg\" alt=\"D\u00e9tail des blasons sur la fa\u00e7ade du Palais du Parlement\" width=\"400\" height=\"300\" \/>\r\n\t\t\t\t\t\t\t\t\t\t<div class=\"slideshow_description_box slideshow_transparent\">\r\n\t\t\t\t\t\t<div class=\"slideshow_title\">D\u00e9tail des blasons sur la fa\u00e7ade du Palais du Parlement<\/div>\t\t\t\t\t\t\t\t\t\t\t<\/div>\r\n\t\t\t\t<\/div>\r\n\r\n\t\t\t\t\t\t<div style=\"clear: both;\"><\/div><\/div><div class=\"slideshow_view\">\r\n\t\t\t\t<div class=\"slideshow_slide slideshow_slide_image\">\r\n\t\t\t\t\t\t\t\t\t\t\t<img src=\"https:\/\/lesavoirpartage.org\/new\/wp-content\/uploads\/2016\/05\/68sousthemes.jpg\" alt=\"La Fontaine au lion sur la place du Parlement\" width=\"400\" height=\"300\" \/>\r\n\t\t\t\t\t\t\t\t\t\t<div class=\"slideshow_description_box slideshow_transparent\">\r\n\t\t\t\t\t\t<div class=\"slideshow_title\">La Fontaine au lion sur la place du Parlement<\/div>\t\t\t\t\t\t\t\t\t\t\t<\/div>\r\n\t\t\t\t<\/div>\r\n\r\n\t\t\t\t\t\t<div style=\"clear: both;\"><\/div><\/div><div class=\"slideshow_view\">\r\n\t\t\t\t<div class=\"slideshow_slide slideshow_slide_image\">\r\n\t\t\t\t\t\t\t\t\t\t\t<img src=\"https:\/\/lesavoirpartage.org\/new\/wp-content\/uploads\/2016\/05\/69sousthemes.jpg\" alt=\"Fleuron du patrimoine architectural grenoblois, L&#039;ancien palais du Parlement, remarquable b\u00e2timent, fut pendant plus de 500 ans le si\u00e8ge de la Justice \u00e0 Grenoble.\" width=\"400\" height=\"300\" \/>\r\n\t\t\t\t\t\t\t\t\t\t<div class=\"slideshow_description_box slideshow_transparent\">\r\n\t\t\t\t\t\t<div class=\"slideshow_title\">Fleuron du patrimoine architectural grenoblois, L&#039;ancien palais du Parlement, remarquable b\u00e2timent, fut pendant plus de 500 ans le si\u00e8ge de la Justice \u00e0 Grenoble.<\/div>\t\t\t\t\t\t\t\t\t\t\t<\/div>\r\n\t\t\t\t<\/div>\r\n\r\n\t\t\t\t\t\t<div style=\"clear: both;\"><\/div><\/div><div class=\"slideshow_view\">\r\n\t\t\t\t<div class=\"slideshow_slide slideshow_slide_image\">\r\n\t\t\t\t\t\t\t\t\t\t\t<img src=\"https:\/\/lesavoirpartage.org\/new\/wp-content\/uploads\/2016\/05\/67sousthemes.jpg\" alt=\"Travers\u00e9e sur la rive droite de l&#039;Is\u00e8re, pour visiter le site de Saint-Laurent qui fait partie, au IVe si\u00e8cle, de l&#039;ensemble des n\u00e9cropoles suburbaines de Grenoble.\" width=\"400\" height=\"300\" \/>\r\n\t\t\t\t\t\t\t\t\t\t<div class=\"slideshow_description_box slideshow_transparent\">\r\n\t\t\t\t\t\t<div class=\"slideshow_title\">Travers\u00e9e sur la rive droite de l&#039;Is\u00e8re, pour visiter le site de Saint-Laurent qui fait partie, au IVe si\u00e8cle, de l&#039;ensemble des n\u00e9cropoles suburbaines de Grenoble.<\/div>\t\t\t\t\t\t\t\t\t\t\t<\/div>\r\n\t\t\t\t<\/div>\r\n\r\n\t\t\t\t\t\t<div style=\"clear: both;\"><\/div><\/div><div class=\"slideshow_view\">\r\n\t\t\t\t<div class=\"slideshow_slide slideshow_slide_image\">\r\n\t\t\t\t\t\t\t\t\t\t\t<img src=\"https:\/\/lesavoirpartage.org\/new\/wp-content\/uploads\/2016\/05\/66sousthemes.jpg\" alt=\"La cripte\" width=\"400\" height=\"300\" \/>\r\n\t\t\t\t\t\t\t\t\t\t<div class=\"slideshow_description_box slideshow_transparent\">\r\n\t\t\t\t\t\t<div class=\"slideshow_title\">La cripte<\/div>\t\t\t\t\t\t\t\t\t\t\t<\/div>\r\n\t\t\t\t<\/div>\r\n\r\n\t\t\t\t\t\t<div style=\"clear: both;\"><\/div><\/div><div class=\"slideshow_view\">\r\n\t\t\t\t<div class=\"slideshow_slide slideshow_slide_image\">\r\n\t\t\t\t\t\t\t\t\t\t\t<img src=\"https:\/\/lesavoirpartage.org\/new\/wp-content\/uploads\/2016\/05\/65sousthemes.jpg\" alt=\"D\u00e9tail en excellent \u00e9tat de conservation d&#039;une voute\" width=\"400\" height=\"300\" \/>\r\n\t\t\t\t\t\t\t\t\t\t<div class=\"slideshow_description_box slideshow_transparent\">\r\n\t\t\t\t\t\t<div class=\"slideshow_title\">D\u00e9tail en excellent \u00e9tat de conservation d&#039;une voute<\/div>\t\t\t\t\t\t\t\t\t\t\t<\/div>\r\n\t\t\t\t<\/div>\r\n\r\n\t\t\t\t\t\t<div style=\"clear: both;\"><\/div><\/div><div class=\"slideshow_view\">\r\n\t\t\t\t<div class=\"slideshow_slide slideshow_slide_image\">\r\n\t\t\t\t\t\t\t\t\t\t\t<img src=\"https:\/\/lesavoirpartage.org\/new\/wp-content\/uploads\/2016\/05\/64sousthemes.jpg\" alt=\"La n\u00e9cropole\" width=\"400\" height=\"300\" \/>\r\n\t\t\t\t\t\t\t\t\t\t<div class=\"slideshow_description_box slideshow_transparent\">\r\n\t\t\t\t\t\t<div class=\"slideshow_title\">La n\u00e9cropole<\/div>\t\t\t\t\t\t\t\t\t\t\t<\/div>\r\n\t\t\t\t<\/div>\r\n\r\n\t\t\t\t\t\t<div style=\"clear: both;\"><\/div><\/div><div class=\"slideshow_view\">\r\n\t\t\t\t<div class=\"slideshow_slide slideshow_slide_image\">\r\n\t\t\t\t\t\t\t\t\t\t\t<img src=\"https:\/\/lesavoirpartage.org\/new\/wp-content\/uploads\/2016\/05\/63sousthemes.jpg\" alt=\"Les explications d&#039;Alain Tillier\" width=\"400\" height=\"300\" \/>\r\n\t\t\t\t\t\t\t\t\t\t<div class=\"slideshow_description_box slideshow_transparent\">\r\n\t\t\t\t\t\t<div class=\"slideshow_title\">Les explications d&#039;Alain Tillier<\/div>\t\t\t\t\t\t\t\t\t\t\t<\/div>\r\n\t\t\t\t<\/div>\r\n\r\n\t\t\t\t\t\t<div style=\"clear: both;\"><\/div><\/div><div class=\"slideshow_view\">\r\n\t\t\t\t<div class=\"slideshow_slide slideshow_slide_image\">\r\n\t\t\t\t\t\t\t\t\t\t\t<img src=\"https:\/\/lesavoirpartage.org\/new\/wp-content\/uploads\/2016\/05\/62sousthemes.jpg\" alt=\"D\u00e9tail d&#039;un chapiteau\" width=\"400\" height=\"300\" \/>\r\n\t\t\t\t\t\t\t\t\t\t<div class=\"slideshow_description_box slideshow_transparent\">\r\n\t\t\t\t\t\t<div class=\"slideshow_title\">D\u00e9tail d&#039;un chapiteau<\/div>\t\t\t\t\t\t\t\t\t\t\t<\/div>\r\n\t\t\t\t<\/div>\r\n\r\n\t\t\t\t\t\t<div style=\"clear: both;\"><\/div><\/div><div class=\"slideshow_view\">\r\n\t\t\t\t<div class=\"slideshow_slide slideshow_slide_image\">\r\n\t\t\t\t\t\t\t\t\t\t\t<img src=\"https:\/\/lesavoirpartage.org\/new\/wp-content\/uploads\/2016\/05\/61sousthemes.jpg\" alt=\"une photo amusante avant de quitter le mus\u00e9e.\" width=\"400\" height=\"300\" \/>\r\n\t\t\t\t\t\t\t\t\t\t<div class=\"slideshow_description_box slideshow_transparent\">\r\n\t\t\t\t\t\t<div class=\"slideshow_title\">une photo amusante avant de quitter le mus\u00e9e.<\/div>\t\t\t\t\t\t\t\t\t\t\t<\/div>\r\n\t\t\t\t<\/div>\r\n\r\n\t\t\t\t\t\t<div style=\"clear: both;\"><\/div><\/div><div class=\"slideshow_view\">\r\n\t\t\t\t<div class=\"slideshow_slide slideshow_slide_image\">\r\n\t\t\t\t\t\t\t\t\t\t\t<img src=\"https:\/\/lesavoirpartage.org\/new\/wp-content\/uploads\/2016\/05\/60sousthemes.jpg\" alt=\"Un coup d&#039;oeil sur la chaine de Belledone avant de rentrer.\" width=\"400\" height=\"300\" \/>\r\n\t\t\t\t\t\t\t\t\t\t<div class=\"slideshow_description_box slideshow_transparent\">\r\n\t\t\t\t\t\t<div class=\"slideshow_title\">Un coup d&#039;oeil sur la chaine de Belledone avant de rentrer.<\/div>\t\t\t\t\t\t\t\t\t\t\t<\/div>\r\n\t\t\t\t<\/div>\r\n\r\n\t\t\t\t\t\t<div style=\"clear: both;\"><\/div><\/div>\r\n\t\t<\/div>\r\n\r\n\t\t<div class=\"slideshow_controlPanel slideshow_transparent\" style=\"display: none;\"><ul><li class=\"slideshow_togglePlay\" data-play-text=\"Play\" data-pause-text=\"Pause\"><\/li><\/ul><\/div>\r\n\r\n\t\t<div class=\"slideshow_button slideshow_previous slideshow_transparent\" role=\"button\" data-previous-text=\"Pr\u00e9c\u00e9dent\" style=\"display: none;\"><\/div>\r\n\t\t<div class=\"slideshow_button slideshow_next slideshow_transparent\" role=\"button\" data-next-text=\"Suivant\" style=\"display: none;\"><\/div>\r\n\r\n\t\t<div class=\"slideshow_pagination\" style=\"display: none;\" data-go-to-text=\"Go to slide\"><div class=\"slideshow_pagination_center\"><\/div><\/div>\r\n\r\n\t\t<!-- WordPress Slideshow Version 2.3.1 -->\r\n\r\n\t\t\t<\/div>\r\n\r\n\n","protected":false},"excerpt":{"rendered":"","protected":false},"author":1,"featured_media":0,"parent":0,"menu_order":0,"comment_status":"closed","ping_status":"closed","template":"","meta":{"_mi_skip_tracking":false,"_monsterinsights_sitenote_active":false,"_monsterinsights_sitenote_note":"","_monsterinsights_sitenote_category":0,"footnotes":""},"class_list":["post-866","page","type-page","status-publish","hentry"],"acf":[],"_links":{"self":[{"href":"https:\/\/lesavoirpartage.org\/new\/wp-json\/wp\/v2\/pages\/866","targetHints":{"allow":["GET"]}}],"collection":[{"href":"https:\/\/lesavoirpartage.org\/new\/wp-json\/wp\/v2\/pages"}],"about":[{"href":"https:\/\/lesavoirpartage.org\/new\/wp-json\/wp\/v2\/types\/page"}],"author":[{"embeddable":true,"href":"https:\/\/lesavoirpartage.org\/new\/wp-json\/wp\/v2\/users\/1"}],"replies":[{"embeddable":true,"href":"https:\/\/lesavoirpartage.org\/new\/wp-json\/wp\/v2\/comments?post=866"}],"version-history":[{"count":1,"href":"https:\/\/lesavoirpartage.org\/new\/wp-json\/wp\/v2\/pages\/866\/revisions"}],"predecessor-version":[{"id":867,"href":"https:\/\/lesavoirpartage.org\/new\/wp-json\/wp\/v2\/pages\/866\/revisions\/867"}],"wp:attachment":[{"href":"https:\/\/lesavoirpartage.org\/new\/wp-json\/wp\/v2\/media?parent=866"}],"curies":[{"name":"wp","href":"https:\/\/api.w.org\/{rel}","templated":true}]}}