{"id":7,"date":"2016-03-07T14:46:13","date_gmt":"2016-03-07T13:46:13","guid":{"rendered":"http:\/\/lesavoirpartage.org\/new\/?page_id=7"},"modified":"2016-03-08T18:23:06","modified_gmt":"2016-03-08T17:23:06","slug":"mentions-legales","status":"publish","type":"page","link":"https:\/\/lesavoirpartage.org\/new\/mentions-legales\/","title":{"rendered":"Mentions l\u00e9gales"},"content":{"rendered":"<p>&nbsp;<\/p>\n<h3>\u00ab\u00a0LE SAVOIR PARTAG\u00c9-UNIVERSITE DU PAYS DE DIEULEFIT \u2013 BOURDEAUX\u00a0\u00bb<\/h3>\n<p>Identification SIREN\u00a0: 808\u00a0904\u00a0031<\/p>\n<p>Identification SIRENT du si\u00e8ge\u00a0: 808\u00a0904\u00a0031 00016<\/p>\n<p><strong>Editeur :\u00a0<\/strong>Association \"Le Savoir Partag\u00e9\"<\/p>\n<p>Chez M. Patrice NATIER<br \/>\n797, les Jourdans<br \/>\n26220 Dieulefit<br \/>\nemail : <a href=\"mailto:lesavoirpartage@orange.fr\">lesavoirpartage@orange.fr<\/a><a href=\"mailto:lesavoirpartage@orange.fr\"><br \/>\n<\/a>portable : 06 82 56 58 23<br \/>\nDirectrice de la Publication : Mireille GRESSE<\/p>\n<p><strong>Cr\u00e9ation du site internet : <a href=\"http:\/\/www.feelweb.com\/\" target=\"_blank\">feelweb.com<\/a><\/strong><\/p>\n<p>&nbsp;<\/p>\n<p><strong>H\u00e9bergement\u00a0:<\/strong><\/p>\n<p>Le site est h\u00e9berg\u00e9 par\u00a0:<br \/>\nLa soci\u00e9t\u00e9 1and1<br \/>\n1&amp;1 Internet SARL<br \/>\n7, place de la Gare<br \/>\nBP 70109<br \/>\n57201 Sarreguemines Cedex<br \/>\n<u>http:\/\/www.1and1.fr<\/u><\/p>\n<h2>Droits de propri\u00e9t\u00e9 intellectuelle<\/h2>\n<p>L'ensemble des contenus diffus\u00e9s sur ce site (image, vid\u00e9o, son, textes) est prot\u00e9g\u00e9 par la l\u00e9gislation en vigueur en France en mati\u00e8re de propri\u00e9t\u00e9 intellectuelle et notamment, le droit d'auteur, les droits voisins, le droit des marques.<\/p>\n<p>Tous les droits de reproduction sont r\u00e9serv\u00e9s, y compris pour les documents t\u00e9l\u00e9chargeables et les repr\u00e9sentations iconographiques et photographiques<\/p>\n<p><strong>Logo de l\u2019association\u00a0:<\/strong><\/p>\n<p>Le logo de l\u2019association est sa propri\u00e9t\u00e9. Ainsi, toute reproduction ou modification (<em>totale ou partielle)<\/em> de cet \u00e9l\u00e9ment graphique sans autorisation pr\u00e9alable et \u00e9crite est interdite.<\/p>\n","protected":false},"excerpt":{"rendered":"&nbsp; \u00ab\u00a0LE SAVOIR PARTAG\u00c9-UNIVERSITE DU PAYS DE DIEULEFIT \u2013 BOURDEAUX\u00a0\u00bb Identification SIREN\u00a0: 808\u00a0904\u00a0031 Identification SIRENT du si\u00e8ge\u00a0: 808\u00a0904\u00a0031 00016 Editeur :\u00a0Association \"Le Savoir Partag\u00e9\" Chez M. Patrice NATIER 797, les Jourdans 26220 Dieulefit email : lesavoirpartage@orange.fr portable : 06 82 56 58 23 Directrice de la Publication : Mireille GRESSE Cr\u00e9ation du site internet : feelweb.com &nbsp; H\u00e9bergement\u00a0: Le site&nbsp;<a href=\"https:\/\/lesavoirpartage.org\/new\/mentions-legales\/\" class=\"read-more\">Lire la suite<\/a>","protected":false},"author":1,"featured_media":0,"parent":0,"menu_order":0,"comment_status":"closed","ping_status":"closed","template":"","meta":{"_mi_skip_tracking":false,"_monsterinsights_sitenote_active":false,"_monsterinsights_sitenote_note":"","_monsterinsights_sitenote_category":0,"footnotes":""},"class_list":["post-7","page","type-page","status-publish","hentry"],"acf":[],"_links":{"self":[{"href":"https:\/\/lesavoirpartage.org\/new\/wp-json\/wp\/v2\/pages\/7","targetHints":{"allow":["GET"]}}],"collection":[{"href":"https:\/\/lesavoirpartage.org\/new\/wp-json\/wp\/v2\/pages"}],"about":[{"href":"https:\/\/lesavoirpartage.org\/new\/wp-json\/wp\/v2\/types\/page"}],"author":[{"embeddable":true,"href":"https:\/\/lesavoirpartage.org\/new\/wp-json\/wp\/v2\/users\/1"}],"replies":[{"embeddable":true,"href":"https:\/\/lesavoirpartage.org\/new\/wp-json\/wp\/v2\/comments?post=7"}],"version-history":[{"count":3,"href":"https:\/\/lesavoirpartage.org\/new\/wp-json\/wp\/v2\/pages\/7\/revisions"}],"predecessor-version":[{"id":131,"href":"https:\/\/lesavoirpartage.org\/new\/wp-json\/wp\/v2\/pages\/7\/revisions\/131"}],"wp:attachment":[{"href":"https:\/\/lesavoirpartage.org\/new\/wp-json\/wp\/v2\/media?parent=7"}],"curies":[{"name":"wp","href":"https:\/\/api.w.org\/{rel}","templated":true}]}}