{"id":519,"date":"2016-05-04T14:09:41","date_gmt":"2016-05-04T13:09:41","guid":{"rendered":"http:\/\/lesavoirpartage.org\/new\/?page_id=519"},"modified":"2017-01-10T21:59:23","modified_gmt":"2017-01-10T20:59:23","slug":"6-mai-2015-sur-les-pas-de-guillaume-de-nogaret","status":"publish","type":"page","link":"https:\/\/lesavoirpartage.org\/new\/6-mai-2015-sur-les-pas-de-guillaume-de-nogaret\/","title":{"rendered":"06.05.2015, Sur les pas de Guillaume de Nogaret"},"content":{"rendered":"\r\n\t<div class=\"slideshow_container slideshow_container_style-light\" style=\" max-width: 755px;\" data-slideshow-id=\"80\" data-style-name=\"style-light\" data-style-version=\"2.3.1\" >\r\n\r\n\t\t\t\t\t<div class=\"slideshow_loading_icon\"><\/div>\r\n\t\t\r\n\t\t<div class=\"slideshow_content\" style=\"display: none;\">\r\n\r\n\t\t\t<div class=\"slideshow_view\">\r\n\t\t\t\t<div class=\"slideshow_slide slideshow_slide_image\">\r\n\t\t\t\t\t\t\t\t\t\t\t<img src=\"https:\/\/lesavoirpartage.org\/new\/wp-content\/uploads\/2016\/03\/292sousthemes.jpg\" alt=\"Et \u00e7a y est, en route sur les pas de Guillaume de Nogaret !\" width=\"1024\" height=\"765\" \/>\r\n\t\t\t\t\t\t\t\t\t\t<div class=\"slideshow_description_box slideshow_transparent\">\r\n\t\t\t\t\t\t<div class=\"slideshow_title\">Et \u00e7a y est, en route sur les pas de Guillaume de Nogaret !<\/div>\t\t\t\t\t\t\t\t\t\t\t<\/div>\r\n\t\t\t\t<\/div>\r\n\r\n\t\t\t\t\t\t<div style=\"clear: both;\"><\/div><\/div><div class=\"slideshow_view\">\r\n\t\t\t\t<div class=\"slideshow_slide slideshow_slide_image\">\r\n\t\t\t\t\t\t\t\t\t\t\t<img src=\"https:\/\/lesavoirpartage.org\/new\/wp-content\/uploads\/2016\/03\/291sousthemes.jpg\" alt=\"Le ch\u00e2teau de MANDUEL.\" width=\"1024\" height=\"765\" \/>\r\n\t\t\t\t\t\t\t\t\t\t<div class=\"slideshow_description_box slideshow_transparent\">\r\n\t\t\t\t\t\t<div class=\"slideshow_title\">Le ch\u00e2teau de MANDUEL.<\/div>\t\t\t\t\t\t\t\t\t\t\t<\/div>\r\n\t\t\t\t<\/div>\r\n\r\n\t\t\t\t\t\t<div style=\"clear: both;\"><\/div><\/div><div class=\"slideshow_view\">\r\n\t\t\t\t<div class=\"slideshow_slide slideshow_slide_image\">\r\n\t\t\t\t\t\t\t\t\t\t\t<img src=\"https:\/\/lesavoirpartage.org\/new\/wp-content\/uploads\/2016\/03\/290sousthemes.jpg\" alt=\"Le ch\u00e2teau de Manduel, c\u00f4t\u00e9 jardin.\" width=\"1024\" height=\"765\" \/>\r\n\t\t\t\t\t\t\t\t\t\t<div class=\"slideshow_description_box slideshow_transparent\">\r\n\t\t\t\t\t\t<div class=\"slideshow_title\">Le ch\u00e2teau de Manduel, c\u00f4t\u00e9 jardin.<\/div>\t\t\t\t\t\t\t\t\t\t\t<\/div>\r\n\t\t\t\t<\/div>\r\n\r\n\t\t\t\t\t\t<div style=\"clear: both;\"><\/div><\/div><div class=\"slideshow_view\">\r\n\t\t\t\t<div class=\"slideshow_slide slideshow_slide_image\">\r\n\t\t\t\t\t\t\t\t\t\t\t<img src=\"https:\/\/lesavoirpartage.org\/new\/wp-content\/uploads\/2016\/03\/289sousthemes.jpg\" alt=\"Des belles vignes sur la route.\" width=\"1024\" height=\"765\" \/>\r\n\t\t\t\t\t\t\t\t\t\t<div class=\"slideshow_description_box slideshow_transparent\">\r\n\t\t\t\t\t\t<div class=\"slideshow_title\">Des belles vignes sur la route.<\/div>\t\t\t\t\t\t\t\t\t\t\t<\/div>\r\n\t\t\t\t<\/div>\r\n\r\n\t\t\t\t\t\t<div style=\"clear: both;\"><\/div><\/div><div class=\"slideshow_view\">\r\n\t\t\t\t<div class=\"slideshow_slide slideshow_slide_image\">\r\n\t\t\t\t\t\t\t\t\t\t\t<img src=\"https:\/\/lesavoirpartage.org\/new\/wp-content\/uploads\/2016\/03\/288sousthemes.jpg\" alt=\"Arriv\u00e9e \u00e0 G\u00e9n\u00e9rac.\" width=\"1024\" height=\"765\" \/>\r\n\t\t\t\t\t\t\t\t\t\t<div class=\"slideshow_description_box slideshow_transparent\">\r\n\t\t\t\t\t\t<div class=\"slideshow_title\">Arriv\u00e9e \u00e0 G\u00e9n\u00e9rac.<\/div>\t\t\t\t\t\t\t\t\t\t\t<\/div>\r\n\t\t\t\t<\/div>\r\n\r\n\t\t\t\t\t\t<div style=\"clear: both;\"><\/div><\/div><div class=\"slideshow_view\">\r\n\t\t\t\t<div class=\"slideshow_slide slideshow_slide_image\">\r\n\t\t\t\t\t\t\t\t\t\t\t<img src=\"https:\/\/lesavoirpartage.org\/new\/wp-content\/uploads\/2016\/03\/287sousthemes.jpg\" alt=\"Le ch\u00e2teau de Generac.\" width=\"1024\" height=\"765\" \/>\r\n\t\t\t\t\t\t\t\t\t\t<div class=\"slideshow_description_box slideshow_transparent\">\r\n\t\t\t\t\t\t<div class=\"slideshow_title\">Le ch\u00e2teau de Generac.<\/div>\t\t\t\t\t\t\t\t\t\t\t<\/div>\r\n\t\t\t\t<\/div>\r\n\r\n\t\t\t\t\t\t<div style=\"clear: both;\"><\/div><\/div><div class=\"slideshow_view\">\r\n\t\t\t\t<div class=\"slideshow_slide slideshow_slide_image\">\r\n\t\t\t\t\t\t\t\t\t\t\t<img src=\"https:\/\/lesavoirpartage.org\/new\/wp-content\/uploads\/2016\/03\/286sousthemes.jpg\" alt=\"\u00c0 l&#039;int\u00e9rieur du ch\u00e2teau une belle chemin\u00e9e.\" width=\"1024\" height=\"765\" \/>\r\n\t\t\t\t\t\t\t\t\t\t<div class=\"slideshow_description_box slideshow_transparent\">\r\n\t\t\t\t\t\t<div class=\"slideshow_title\">\u00c0 l&#039;int\u00e9rieur du ch\u00e2teau une belle chemin\u00e9e.<\/div>\t\t\t\t\t\t\t\t\t\t\t<\/div>\r\n\t\t\t\t<\/div>\r\n\r\n\t\t\t\t\t\t<div style=\"clear: both;\"><\/div><\/div><div class=\"slideshow_view\">\r\n\t\t\t\t<div class=\"slideshow_slide slideshow_slide_image\">\r\n\t\t\t\t\t\t\t\t\t\t\t<img src=\"https:\/\/lesavoirpartage.org\/new\/wp-content\/uploads\/2016\/03\/285sousthemes.jpg\" alt=\"Le ch\u00e2teau de Vestric.\" width=\"1024\" height=\"765\" \/>\r\n\t\t\t\t\t\t\t\t\t\t<div class=\"slideshow_description_box slideshow_transparent\">\r\n\t\t\t\t\t\t<div class=\"slideshow_title\">Le ch\u00e2teau de Vestric.<\/div>\t\t\t\t\t\t<div class=\"slideshow_description\">Impossible de visiter, ce ch\u00e2teau a \u00e9t\u00e9 transform\u00e9 en maison d&#039;accueil pour personnes \u00e0 mobilit\u00e9 r\u00e9duite.<\/div>\t\t\t\t\t<\/div>\r\n\t\t\t\t<\/div>\r\n\r\n\t\t\t\t\t\t<div style=\"clear: both;\"><\/div><\/div><div class=\"slideshow_view\">\r\n\t\t\t\t<div class=\"slideshow_slide slideshow_slide_image\">\r\n\t\t\t\t\t\t\t\t\t\t\t<img src=\"https:\/\/lesavoirpartage.org\/new\/wp-content\/uploads\/2016\/03\/284sousthemes.jpg\" alt=\"Le temple restaur\u00e9 de Vestric\" width=\"1024\" height=\"765\" \/>\r\n\t\t\t\t\t\t\t\t\t\t<div class=\"slideshow_description_box slideshow_transparent\">\r\n\t\t\t\t\t\t<div class=\"slideshow_title\">Le temple restaur\u00e9 de Vestric<\/div>\t\t\t\t\t\t<div class=\"slideshow_description\">Le Savoir Partag\u00e9 \u00e0 fait un don l&#039;an dernier pour la restauration de ce temple.<\/div>\t\t\t\t\t<\/div>\r\n\t\t\t\t<\/div>\r\n\r\n\t\t\t\t\t\t<div style=\"clear: both;\"><\/div><\/div><div class=\"slideshow_view\">\r\n\t\t\t\t<div class=\"slideshow_slide slideshow_slide_image\">\r\n\t\t\t\t\t\t\t\t\t\t\t<img src=\"https:\/\/lesavoirpartage.org\/new\/wp-content\/uploads\/2016\/03\/283sousthemes.jpg\" alt=\"Le magnifique ch\u00e2teau de Massillargues\" width=\"1024\" height=\"765\" \/>\r\n\t\t\t\t\t\t\t\t\t\t<div class=\"slideshow_description_box slideshow_transparent\">\r\n\t\t\t\t\t\t<div class=\"slideshow_title\">Le magnifique ch\u00e2teau de Massillargues<\/div>\t\t\t\t\t\t\t\t\t\t\t<\/div>\r\n\t\t\t\t<\/div>\r\n\r\n\t\t\t\t\t\t<div style=\"clear: both;\"><\/div><\/div><div class=\"slideshow_view\">\r\n\t\t\t\t<div class=\"slideshow_slide slideshow_slide_image\">\r\n\t\t\t\t\t\t\t\t\t\t\t<img src=\"https:\/\/lesavoirpartage.org\/new\/wp-content\/uploads\/2016\/03\/282sousthemes.jpg\" alt=\"Vue sur le ch\u00e2teau qui conserve une remarquable fa\u00e7ade renaissance.\" width=\"1024\" height=\"765\" \/>\r\n\t\t\t\t\t\t\t\t\t\t<div class=\"slideshow_description_box slideshow_transparent\">\r\n\t\t\t\t\t\t<div class=\"slideshow_title\">Vue sur le ch\u00e2teau qui conserve une remarquable fa\u00e7ade renaissance.<\/div>\t\t\t\t\t\t\t\t\t\t\t<\/div>\r\n\t\t\t\t<\/div>\r\n\r\n\t\t\t\t\t\t<div style=\"clear: both;\"><\/div><\/div><div class=\"slideshow_view\">\r\n\t\t\t\t<div class=\"slideshow_slide slideshow_slide_image\">\r\n\t\t\t\t\t\t\t\t\t\t\t<img src=\"https:\/\/lesavoirpartage.org\/new\/wp-content\/uploads\/2016\/03\/281sousthemes.jpg\" alt=\"L&#039;escalier d&#039;honneur.\" width=\"1024\" height=\"765\" \/>\r\n\t\t\t\t\t\t\t\t\t\t<div class=\"slideshow_description_box slideshow_transparent\">\r\n\t\t\t\t\t\t<div class=\"slideshow_title\">L&#039;escalier d&#039;honneur.<\/div>\t\t\t\t\t\t\t\t\t\t\t<\/div>\r\n\t\t\t\t<\/div>\r\n\r\n\t\t\t\t\t\t<div style=\"clear: both;\"><\/div><\/div><div class=\"slideshow_view\">\r\n\t\t\t\t<div class=\"slideshow_slide slideshow_slide_image\">\r\n\t\t\t\t\t\t\t\t\t\t\t<img src=\"https:\/\/lesavoirpartage.org\/new\/wp-content\/uploads\/2016\/03\/279sousthemes.jpg\" alt=\"Un salon.\" width=\"1024\" height=\"765\" \/>\r\n\t\t\t\t\t\t\t\t\t\t<div class=\"slideshow_description_box slideshow_transparent\">\r\n\t\t\t\t\t\t<div class=\"slideshow_title\">Un salon.<\/div>\t\t\t\t\t\t\t\t\t\t\t<\/div>\r\n\t\t\t\t<\/div>\r\n\r\n\t\t\t\t\t\t<div style=\"clear: both;\"><\/div><\/div><div class=\"slideshow_view\">\r\n\t\t\t\t<div class=\"slideshow_slide slideshow_slide_image\">\r\n\t\t\t\t\t\t\t\t\t\t\t<img src=\"https:\/\/lesavoirpartage.org\/new\/wp-content\/uploads\/2016\/03\/278sousthemes.jpg\" alt=\"Salon de musique.\" width=\"1024\" height=\"765\" \/>\r\n\t\t\t\t\t\t\t\t\t\t<div class=\"slideshow_description_box slideshow_transparent\">\r\n\t\t\t\t\t\t<div class=\"slideshow_title\">Salon de musique.<\/div>\t\t\t\t\t\t\t\t\t\t\t<\/div>\r\n\t\t\t\t<\/div>\r\n\r\n\t\t\t\t\t\t<div style=\"clear: both;\"><\/div><\/div><div class=\"slideshow_view\">\r\n\t\t\t\t<div class=\"slideshow_slide slideshow_slide_image\">\r\n\t\t\t\t\t\t\t\t\t\t\t<img src=\"https:\/\/lesavoirpartage.org\/new\/wp-content\/uploads\/2016\/03\/277sousthemes.jpg\" alt=\"Et pour terminer la visite, la g\u00e9n\u00e9alogie de Guillaume de Nogaret.\" width=\"1024\" height=\"765\" \/>\r\n\t\t\t\t\t\t\t\t\t\t<div class=\"slideshow_description_box slideshow_transparent\">\r\n\t\t\t\t\t\t<div class=\"slideshow_title\">Et pour terminer la visite, la g\u00e9n\u00e9alogie de Guillaume de Nogaret.<\/div>\t\t\t\t\t\t<div class=\"slideshow_description\">Et l\u00e0, surprise ! Un de ses descendant, Jean I de Louet, baron de Calvisson, a \u00e9pous\u00e9 Marguerite de Vesc !<\/div>\t\t\t\t\t<\/div>\r\n\t\t\t\t<\/div>\r\n\r\n\t\t\t\t\t\t<div style=\"clear: both;\"><\/div><\/div>\r\n\t\t<\/div>\r\n\r\n\t\t<div class=\"slideshow_controlPanel slideshow_transparent\" style=\"display: none;\"><ul><li class=\"slideshow_togglePlay\" data-play-text=\"Play\" data-pause-text=\"Pause\"><\/li><\/ul><\/div>\r\n\r\n\t\t<div class=\"slideshow_button slideshow_previous slideshow_transparent\" role=\"button\" data-previous-text=\"Pr\u00e9c\u00e9dent\" style=\"display: none;\"><\/div>\r\n\t\t<div class=\"slideshow_button slideshow_next slideshow_transparent\" role=\"button\" data-next-text=\"Suivant\" style=\"display: none;\"><\/div>\r\n\r\n\t\t<div class=\"slideshow_pagination\" style=\"display: none;\" data-go-to-text=\"Go to slide\"><div class=\"slideshow_pagination_center\"><\/div><\/div>\r\n\r\n\t\t<!-- WordPress Slideshow Version 2.3.1 -->\r\n\r\n\t\t\t<\/div>\r\n\r\n\n","protected":false},"excerpt":{"rendered":"","protected":false},"author":1,"featured_media":0,"parent":0,"menu_order":0,"comment_status":"closed","ping_status":"closed","template":"","meta":{"_mi_skip_tracking":false,"_monsterinsights_sitenote_active":false,"_monsterinsights_sitenote_note":"","_monsterinsights_sitenote_category":0,"footnotes":""},"class_list":["post-519","page","type-page","status-publish","hentry"],"acf":[],"_links":{"self":[{"href":"https:\/\/lesavoirpartage.org\/new\/wp-json\/wp\/v2\/pages\/519","targetHints":{"allow":["GET"]}}],"collection":[{"href":"https:\/\/lesavoirpartage.org\/new\/wp-json\/wp\/v2\/pages"}],"about":[{"href":"https:\/\/lesavoirpartage.org\/new\/wp-json\/wp\/v2\/types\/page"}],"author":[{"embeddable":true,"href":"https:\/\/lesavoirpartage.org\/new\/wp-json\/wp\/v2\/users\/1"}],"replies":[{"embeddable":true,"href":"https:\/\/lesavoirpartage.org\/new\/wp-json\/wp\/v2\/comments?post=519"}],"version-history":[{"count":2,"href":"https:\/\/lesavoirpartage.org\/new\/wp-json\/wp\/v2\/pages\/519\/revisions"}],"predecessor-version":[{"id":1642,"href":"https:\/\/lesavoirpartage.org\/new\/wp-json\/wp\/v2\/pages\/519\/revisions\/1642"}],"wp:attachment":[{"href":"https:\/\/lesavoirpartage.org\/new\/wp-json\/wp\/v2\/media?parent=519"}],"curies":[{"name":"wp","href":"https:\/\/api.w.org\/{rel}","templated":true}]}}