{"id":14,"date":"2016-03-07T15:31:03","date_gmt":"2016-03-07T14:31:03","guid":{"rendered":"http:\/\/lesavoirpartage.org\/new\/?page_id=14"},"modified":"2016-06-12T11:30:50","modified_gmt":"2016-06-12T10:30:50","slug":"qui-sommes-nous","status":"publish","type":"page","link":"https:\/\/lesavoirpartage.org\/new\/qui-sommes-nous\/","title":{"rendered":"Qui Sommes Nous ?"},"content":{"rendered":"<h3><u>Une association pour partager le savoir<\/u><\/h3>\n<p>Association loi de 1901, \u00ab Le Savoir Partag\u00e9-Universit\u00e9 du Pays de Dieulefit \u00bb a \u00e9t\u00e9 cr\u00e9\u00e9e en septembre 2008, devenue depuis le 05 octobre 2015 \u00ab\u00a0LE SAVOIR PARTAG\u00c9-UNIVERSITE DU PAYS DE DIEULEFIT \u2013 BOURDEAUX\u00a0\u00bb.<\/p>\n<p>Elle s\u2019est donn\u00e9e pour objectif de permettre \u00e0 tous les habitants du Pays de Dieulefit - Bourdeaux d\u2019\u00e9changer et d\u2019enrichir leurs connaissances, dans tous les domaines, en toute convivialit\u00e9.<\/p>\n<p>Sa d\u00e9marche s\u2019inspire de celle g\u00e9n\u00e9rale des Universit\u00e9s Populaires. Elle organise en particulier des cours, des conf\u00e9rences et des visites \u00e0 caract\u00e8re culturel et \u00e9ducatif.<\/p>\n<p>\u00ab\u00a0LE SAVOIR PARTAG\u00c9-UNIVERSIT\u00c9 DU PAYS DE DIEULEFIT \u2013 BOURDEAUX\u00a0\u00bb participe activement \u00e0 la coordination r\u00e9gionale des Universit\u00e9s populaires de Dr\u00f4me et Ard\u00e8che, ce qui permet \u00e0 ses adh\u00e9rents de b\u00e9n\u00e9ficier d\u2019un acc\u00e8s privil\u00e9gi\u00e9 aux activit\u00e9s de ces universit\u00e9s voisines sans reprendre d\u2019adh\u00e9sion.<\/p>\n<p><strong><em><u>LES STATUTS DE L\u2019ASSOCIATION<\/u><\/em>\u00a0:<\/strong><\/p>\n<p><a href=\"http:\/\/lesavoirpartage.org\/new\/wp-content\/uploads\/2016\/05\/LSP-Statuts.pdf\">Cliquez sur le lien pour t\u00e9l\u00e9charger les statuts<\/a><\/p>\n<p><strong><em><u>LE BUREAU DE L\u2019ASSOCIATION<\/u><\/em><\/strong>\u00a0:<\/p>\n<p>L\u2019association est anim\u00e9e par un bureau b\u00e9n\u00e9vole de 5 personnes\u00a0:<\/p>\n<ul>\n<li>Patrice NATIER, Pr\u00e9sident,<\/li>\n<li>Fran\u00e7ois BRYDNILSEN dit NELSON, tr\u00e9sorier,<\/li>\n<li>Mauricette NATIER, tr\u00e9sori\u00e8re adjointe,<\/li>\n<li>Mireille GRESSE, secr\u00e9taire et directrice de publication<\/li>\n<li>Pierre C\u00d4TE, Vice-Pr\u00e9sident,<\/li>\n<\/ul>\n<p><strong><em><u>LE CONSEIL D\u2019ADMINISTRATION<\/u><\/em><\/strong>\u00a0:<\/p>\n<ul>\n<li>Anne BEAUMANOIR,<\/li>\n<li>Philippe BENTLEY,<\/li>\n<li>Michel DEBIDOUR,<\/li>\n<li>Bernard DELPAL,<\/li>\n<li>Jean-Marc FOURNIER, Pr\u00e9sident d\u2019honneur, fondateur de l\u2019association,<\/li>\n<li>Hanna KOCH,<\/li>\n<li>Nadine SOUBEYRAN-FOURNIER,<\/li>\n<\/ul>\n<p>Chaque membre du Conseil apporte \u00e0 l\u2019association des comp\u00e9tences et une exp\u00e9rience dans des domaines vari\u00e9s.<\/p>\n<p><strong><u>POUR NOUS JOINDRE<\/u><\/strong>\u00a0:<\/p>\n<p>\"Le Savoir Partag\u00e9\"<br \/>\nChez M. Patrice NATIER,<br \/>\n797, Chemin des Jourdans<br \/>\n26220 Dieulefit<br \/>\n<a href=\"mailto:lesavoirpartage@orange.fr\">lesavoirpartage@orange.fr<br \/>\n<\/a>06 82 56 58 23<\/p>\n<p>&nbsp;<\/p>\n","protected":false},"excerpt":{"rendered":"Une association pour partager le savoir Association loi de 1901, \u00ab Le Savoir Partag\u00e9-Universit\u00e9 du Pays de Dieulefit \u00bb a \u00e9t\u00e9 cr\u00e9\u00e9e en septembre 2008, devenue depuis le 05 octobre 2015 \u00ab\u00a0LE SAVOIR PARTAG\u00c9-UNIVERSITE DU PAYS DE DIEULEFIT \u2013 BOURDEAUX\u00a0\u00bb. Elle s\u2019est donn\u00e9e pour objectif de permettre \u00e0 tous les habitants du Pays de Dieulefit - Bourdeaux d\u2019\u00e9changer et d\u2019enrichir&nbsp;<a href=\"https:\/\/lesavoirpartage.org\/new\/qui-sommes-nous\/\" class=\"read-more\">Lire la suite<\/a>","protected":false},"author":1,"featured_media":0,"parent":0,"menu_order":0,"comment_status":"closed","ping_status":"closed","template":"","meta":{"_mi_skip_tracking":false,"_monsterinsights_sitenote_active":false,"_monsterinsights_sitenote_note":"","_monsterinsights_sitenote_category":0,"footnotes":""},"class_list":["post-14","page","type-page","status-publish","hentry"],"acf":[],"_links":{"self":[{"href":"https:\/\/lesavoirpartage.org\/new\/wp-json\/wp\/v2\/pages\/14","targetHints":{"allow":["GET"]}}],"collection":[{"href":"https:\/\/lesavoirpartage.org\/new\/wp-json\/wp\/v2\/pages"}],"about":[{"href":"https:\/\/lesavoirpartage.org\/new\/wp-json\/wp\/v2\/types\/page"}],"author":[{"embeddable":true,"href":"https:\/\/lesavoirpartage.org\/new\/wp-json\/wp\/v2\/users\/1"}],"replies":[{"embeddable":true,"href":"https:\/\/lesavoirpartage.org\/new\/wp-json\/wp\/v2\/comments?post=14"}],"version-history":[{"count":6,"href":"https:\/\/lesavoirpartage.org\/new\/wp-json\/wp\/v2\/pages\/14\/revisions"}],"predecessor-version":[{"id":1018,"href":"https:\/\/lesavoirpartage.org\/new\/wp-json\/wp\/v2\/pages\/14\/revisions\/1018"}],"wp:attachment":[{"href":"https:\/\/lesavoirpartage.org\/new\/wp-json\/wp\/v2\/media?parent=14"}],"curies":[{"name":"wp","href":"https:\/\/api.w.org\/{rel}","templated":true}]}}