{"id":1027,"date":"2016-08-03T10:51:38","date_gmt":"2016-08-03T09:51:38","guid":{"rendered":"http:\/\/lesavoirpartage.org\/new\/?page_id=1027"},"modified":"2016-08-03T10:51:38","modified_gmt":"2016-08-03T09:51:38","slug":"26-mai-2016-visite-de-grignan-avec-jean-claude-vangierdegom","status":"publish","type":"page","link":"https:\/\/lesavoirpartage.org\/new\/26-mai-2016-visite-de-grignan-avec-jean-claude-vangierdegom\/","title":{"rendered":"26 Mai 2016 &#8211; Visite de Grignan avec Jean-Claude Vangierdegom"},"content":{"rendered":"\r\n\t<div class=\"slideshow_container slideshow_container_style-light\" style=\" max-width: 755px;\" data-slideshow-id=\"1007\" data-style-name=\"style-light\" data-style-version=\"2.3.1\" >\r\n\r\n\t\t\t\t\t<div class=\"slideshow_loading_icon\"><\/div>\r\n\t\t\r\n\t\t<div class=\"slideshow_content\" style=\"display: none;\">\r\n\r\n\t\t\t<div class=\"slideshow_view\">\r\n\t\t\t\t<div class=\"slideshow_slide slideshow_slide_image\">\r\n\t\t\t\t\t\t\t\t\t\t\t<img src=\"https:\/\/lesavoirpartage.org\/new\/wp-content\/uploads\/2016\/05\/DSCN5495-3.jpg\" alt=\"\" width=\"800\" height=\"600\" \/>\r\n\t\t\t\t\t\t\t\t\t\t<div class=\"slideshow_description_box slideshow_transparent\">\r\n\t\t\t\t\t\t\t\t\t\t\t\t<div class=\"slideshow_description\">Nous arrivons \u00e0 Grignan surplomb\u00e9 par son ch\u00e2teau.<\/div>\t\t\t\t\t<\/div>\r\n\t\t\t\t<\/div>\r\n\r\n\t\t\t\t\t\t<div style=\"clear: both;\"><\/div><\/div><div class=\"slideshow_view\">\r\n\t\t\t\t<div class=\"slideshow_slide slideshow_slide_image\">\r\n\t\t\t\t\t\t\t\t\t\t\t<img src=\"https:\/\/lesavoirpartage.org\/new\/wp-content\/uploads\/2016\/08\/DSCN5498.jpg\" alt=\"Avant la visite... se restaurer.\" width=\"489\" height=\"367\" \/>\r\n\t\t\t\t\t\t\t\t\t\t<div class=\"slideshow_description_box slideshow_transparent\">\r\n\t\t\t\t\t\t<div class=\"slideshow_title\">Avant la visite... se restaurer.<\/div>\t\t\t\t\t\t\t\t\t\t\t<\/div>\r\n\t\t\t\t<\/div>\r\n\r\n\t\t\t\t\t\t<div style=\"clear: both;\"><\/div><\/div><div class=\"slideshow_view\">\r\n\t\t\t\t<div class=\"slideshow_slide slideshow_slide_image\">\r\n\t\t\t\t\t\t\t\t\t\t\t<img src=\"https:\/\/lesavoirpartage.org\/new\/wp-content\/uploads\/2016\/08\/DSCN5500.jpg\" alt=\"DSCN5500\" width=\"500\" height=\"375\" \/>\r\n\t\t\t\t\t\t\t\t\t\t<div class=\"slideshow_description_box slideshow_transparent\">\r\n\t\t\t\t\t\t\t\t\t\t\t\t<div class=\"slideshow_description\">Nadine pr\u00e9sente notre conf\u00e9rencier<\/div>\t\t\t\t\t<\/div>\r\n\t\t\t\t<\/div>\r\n\r\n\t\t\t\t\t\t<div style=\"clear: both;\"><\/div><\/div><div class=\"slideshow_view\">\r\n\t\t\t\t<div class=\"slideshow_slide slideshow_slide_image\">\r\n\t\t\t\t\t\t\t\t\t\t\t<img src=\"https:\/\/lesavoirpartage.org\/new\/wp-content\/uploads\/2016\/08\/DSCN5502.jpg\" alt=\"DSCN5502\" width=\"489\" height=\"367\" \/>\r\n\t\t\t\t\t\t\t\t\t\t<div class=\"slideshow_description_box slideshow_transparent\">\r\n\t\t\t\t\t\t\t\t\t\t\t\t<div class=\"slideshow_description\">En route pour la visite en longeant les remparts.<\/div>\t\t\t\t\t<\/div>\r\n\t\t\t\t<\/div>\r\n\r\n\t\t\t\t\t\t<div style=\"clear: both;\"><\/div><\/div><div class=\"slideshow_view\">\r\n\t\t\t\t<div class=\"slideshow_slide slideshow_slide_image\">\r\n\t\t\t\t\t\t\t\t\t\t\t<img src=\"https:\/\/lesavoirpartage.org\/new\/wp-content\/uploads\/2016\/08\/DSCN5503.jpg\" alt=\"DSCN5503\" width=\"489\" height=\"367\" \/>\r\n\t\t\t\t\t\t\t\t\t\t<div class=\"slideshow_description_box slideshow_transparent\">\r\n\t\t\t\t\t\t\t\t\t\t\t\t<div class=\"slideshow_description\">Dans un mur, une pierre pr\u00e9serv\u00e9e datant de 1614.<\/div>\t\t\t\t\t<\/div>\r\n\t\t\t\t<\/div>\r\n\r\n\t\t\t\t\t\t<div style=\"clear: both;\"><\/div><\/div><div class=\"slideshow_view\">\r\n\t\t\t\t<div class=\"slideshow_slide slideshow_slide_image\">\r\n\t\t\t\t\t\t\t\t\t\t\t<img src=\"https:\/\/lesavoirpartage.org\/new\/wp-content\/uploads\/2016\/08\/DSCN5516.jpg\" alt=\"DSCN5516\" width=\"489\" height=\"367\" \/>\r\n\t\t\t\t\t\t\t\t\t\t<div class=\"slideshow_description_box slideshow_transparent\">\r\n\t\t\t\t\t\t\t\t\t\t\t\t<div class=\"slideshow_description\">Un blason sur une porte.<\/div>\t\t\t\t\t<\/div>\r\n\t\t\t\t<\/div>\r\n\r\n\t\t\t\t\t\t<div style=\"clear: both;\"><\/div><\/div><div class=\"slideshow_view\">\r\n\t\t\t\t<div class=\"slideshow_slide slideshow_slide_image\">\r\n\t\t\t\t\t\t\t\t\t\t\t<img src=\"https:\/\/lesavoirpartage.org\/new\/wp-content\/uploads\/2016\/08\/DSCN5524.jpg\" alt=\"Une superbe gargouille\" width=\"4896\" height=\"3672\" \/>\r\n\t\t\t\t\t\t\t\t\t\t<div class=\"slideshow_description_box slideshow_transparent\">\r\n\t\t\t\t\t\t<div class=\"slideshow_title\">Une superbe gargouille<\/div>\t\t\t\t\t\t\t\t\t\t\t<\/div>\r\n\t\t\t\t<\/div>\r\n\r\n\t\t\t\t\t\t<div style=\"clear: both;\"><\/div><\/div><div class=\"slideshow_view\">\r\n\t\t\t\t<div class=\"slideshow_slide slideshow_slide_image\">\r\n\t\t\t\t\t\t\t\t\t\t\t<img src=\"https:\/\/lesavoirpartage.org\/new\/wp-content\/uploads\/2016\/08\/cour-int\u00e9rieure.jpg\" alt=\"cour int\u00e9rieure\" width=\"192\" height=\"130\" \/>\r\n\t\t\t\t\t\t\t\t\t\t<div class=\"slideshow_description_box slideshow_transparent\">\r\n\t\t\t\t\t\t<div class=\"slideshow_title\">cour int\u00e9rieure<\/div>\t\t\t\t\t\t<div class=\"slideshow_description\">le ch\u00e2teau de Grignan est b\u00e2ti sur un promontoire rocheux surplombant le village. T\u00e9moin de l\u2019architecture Renaissance et du classicisme fran\u00e7ais, l\u2019\u00e9difice a connu une histoire mouvement\u00e9e. Ch\u00e2teau fort mentionn\u00e9 d\u00e8s le 11\u00e8me si\u00e8cle, il sera transform\u00e9 \u00e0 la Renaissance en une prestigieuse demeure de plaisance par la famille des Adh\u00e9mar. Au 17\u00e8me si\u00e8cle, la marquise de S\u00e9vign\u00e9 y s\u00e9journe aupr\u00e8s de sa fille Fran\u00e7oise-Marguerite. D\u00e9mantel\u00e9 \u00e0 la R\u00e9volution puis reconstruit au d\u00e9but du 20\u00e8me si\u00e8cle, il appartient depuis 1979 au D\u00e9partement de la Dr\u00f4me.<\/div>\t\t\t\t\t<\/div>\r\n\t\t\t\t<\/div>\r\n\r\n\t\t\t\t\t\t<div style=\"clear: both;\"><\/div><\/div><div class=\"slideshow_view\">\r\n\t\t\t\t<div class=\"slideshow_slide slideshow_slide_image\">\r\n\t\t\t\t\t\t\t\t\t\t\t<img src=\"https:\/\/lesavoirpartage.org\/new\/wp-content\/uploads\/2016\/08\/DSCN5545.jpg\" alt=\"Pot \u00e0 feu\" width=\"489\" height=\"367\" \/>\r\n\t\t\t\t\t\t\t\t\t\t<div class=\"slideshow_description_box slideshow_transparent\">\r\n\t\t\t\t\t\t<div class=\"slideshow_title\">Pot \u00e0 feu<\/div>\t\t\t\t\t\t<div class=\"slideshow_description\">C&#039;est un ornement architectural compos\u00e9 d&#039;un vase en pierre en ronde bosse surmont\u00e9 d&#039;une flamme.<\/div>\t\t\t\t\t<\/div>\r\n\t\t\t\t<\/div>\r\n\r\n\t\t\t\t\t\t<div style=\"clear: both;\"><\/div><\/div><div class=\"slideshow_view\">\r\n\t\t\t\t<div class=\"slideshow_slide slideshow_slide_image\">\r\n\t\t\t\t\t\t\t\t\t\t\t<img src=\"https:\/\/lesavoirpartage.org\/new\/wp-content\/uploads\/2016\/08\/labyrinthe.jpg\" alt=\"Le labyrinthe\" width=\"259\" height=\"194\" \/>\r\n\t\t\t\t\t\t\t\t\t\t<div class=\"slideshow_description_box slideshow_transparent\">\r\n\t\t\t\t\t\t<div class=\"slideshow_title\">Le labyrinthe<\/div>\t\t\t\t\t\t<div class=\"slideshow_description\">Cette &quot;sculpture v\u00e9g\u00e9tale&quot; est l\u2019\u0153uvre de Fran\u00e7oise Vergier, plasticienne et sculpteur originaire de Grignan. Commande publique de l\u2019Etat, elle a \u00e9t\u00e9 r\u00e9alis\u00e9e \u00e0 l\u2019occasion du tricentenaire de la mort de Mme de S\u00e9vign\u00e9 en 1996. \r\nElle figure les lettres du nom S\u00e9vign\u00e9 en calligraphie anglaise, dispos\u00e9es dans l\u2019esprit des jardins labyrinthes du XVIIe si\u00e8cle.<\/div>\t\t\t\t\t<\/div>\r\n\t\t\t\t<\/div>\r\n\r\n\t\t\t\t\t\t<div style=\"clear: both;\"><\/div><\/div><div class=\"slideshow_view\">\r\n\t\t\t\t<div class=\"slideshow_slide slideshow_slide_image\">\r\n\t\t\t\t\t\t\t\t\t\t\t<img src=\"https:\/\/lesavoirpartage.org\/new\/wp-content\/uploads\/2016\/08\/DSCN5556.jpg\" alt=\"DSCN5556\" width=\"489\" height=\"367\" \/>\r\n\t\t\t\t\t\t\t\t\t\t<div class=\"slideshow_description_box slideshow_transparent\">\r\n\t\t\t\t\t\t\t\t\t\t\t\t<div class=\"slideshow_description\">De ses terrasses et jardins on peut admirer toute la r\u00e9gion.<\/div>\t\t\t\t\t<\/div>\r\n\t\t\t\t<\/div>\r\n\r\n\t\t\t\t\t\t<div style=\"clear: both;\"><\/div><\/div><div class=\"slideshow_view\">\r\n\t\t\t\t<div class=\"slideshow_slide slideshow_slide_image\">\r\n\t\t\t\t\t\t\t\t\t\t\t<img src=\"https:\/\/lesavoirpartage.org\/new\/wp-content\/uploads\/2016\/08\/coll\u00e9giale.jpg\" alt=\"La coll\u00e9giale Saint-Sauveur\" width=\"176\" height=\"234\" \/>\r\n\t\t\t\t\t\t\t\t\t\t<div class=\"slideshow_description_box slideshow_transparent\">\r\n\t\t\t\t\t\t<div class=\"slideshow_title\">La coll\u00e9giale Saint-Sauveur<\/div>\t\t\t\t\t\t<div class=\"slideshow_description\">\u00e9difi\u00e9e entre 1535 et 1542, \u00e0 l\u2019initiative du baron Louis Adh\u00e9mar, conseiller et chambellan ordinaire de la chambre du roi, ambassadeur de Fran\u00e7ois Ier \u00e0 Rome (1538-1540), puis lieutenant g\u00e9n\u00e9ral en Provence et gouverneur de cette province en 1541.<\/div>\t\t\t\t\t<\/div>\r\n\t\t\t\t<\/div>\r\n\r\n\t\t\t\t\t\t<div style=\"clear: both;\"><\/div><\/div><div class=\"slideshow_view\">\r\n\t\t\t\t<div class=\"slideshow_slide slideshow_slide_image\">\r\n\t\t\t\t\t\t\t\t\t\t\t<img src=\"https:\/\/lesavoirpartage.org\/new\/wp-content\/uploads\/2016\/08\/DSCN5533.jpg\" alt=\"DSCN5533\" width=\"489\" height=\"367\" \/>\r\n\t\t\t\t\t\t\t\t\t\t<div class=\"slideshow_description_box slideshow_transparent\">\r\n\t\t\t\t\t\t\t\t\t\t\t\t<div class=\"slideshow_description\">Plaque comm\u00e9morative situ\u00e9e dans le ch\u0153ur rappelle la m\u00e9moire de Mme de S\u00e9vign\u00e9 qui fut inhum\u00e9e dans la coll\u00e9giale le 18 avril 1696.<\/div>\t\t\t\t\t<\/div>\r\n\t\t\t\t<\/div>\r\n\r\n\t\t\t\t\t\t<div style=\"clear: both;\"><\/div><\/div><div class=\"slideshow_view\">\r\n\t\t\t\t<div class=\"slideshow_slide slideshow_slide_image\">\r\n\t\t\t\t\t\t\t\t\t\t\t<img src=\"https:\/\/lesavoirpartage.org\/new\/wp-content\/uploads\/2016\/08\/DSCN5557.jpg\" alt=\"L\u2019ancien four banal.\" width=\"489\" height=\"367\" \/>\r\n\t\t\t\t\t\t\t\t\t\t<div class=\"slideshow_description_box slideshow_transparent\">\r\n\t\t\t\t\t\t<div class=\"slideshow_title\">L\u2019ancien four banal.<\/div>\t\t\t\t\t\t<div class=\"slideshow_description\">D\u00e8s le XIVe si\u00e8cle, les textes rappellent l\u2019obligation faite aux habitants de cuire le pain dans le four du seigneur, moyennant redevances, appel\u00e9es banalit\u00e9s.<\/div>\t\t\t\t\t<\/div>\r\n\t\t\t\t<\/div>\r\n\r\n\t\t\t\t\t\t<div style=\"clear: both;\"><\/div><\/div><div class=\"slideshow_view\">\r\n\t\t\t\t<div class=\"slideshow_slide slideshow_slide_image\">\r\n\t\t\t\t\t\t\t\t\t\t\t<img src=\"https:\/\/lesavoirpartage.org\/new\/wp-content\/uploads\/2016\/08\/DSCN5539.jpg\" alt=\"Grignan est aussi un village botanique.\" width=\"4896\" height=\"3672\" \/>\r\n\t\t\t\t\t\t\t\t\t\t<div class=\"slideshow_description_box slideshow_transparent\">\r\n\t\t\t\t\t\t<div class=\"slideshow_title\">Grignan est aussi un village botanique.<\/div>\t\t\t\t\t\t\t\t\t\t\t<\/div>\r\n\t\t\t\t<\/div>\r\n\r\n\t\t\t\t\t\t<div style=\"clear: both;\"><\/div><\/div><div class=\"slideshow_view\">\r\n\t\t\t\t<div class=\"slideshow_slide slideshow_slide_image\">\r\n\t\t\t\t\t\t\t\t\t\t\t<img src=\"https:\/\/lesavoirpartage.org\/new\/wp-content\/uploads\/2016\/08\/DSCN5536.jpg\" alt=\"DSCN5536\" width=\"489\" height=\"367\" \/>\r\n\t\t\t\t\t\t\t\t\t\t<div class=\"slideshow_description_box slideshow_transparent\">\r\n\t\t\t\t\t\t\t\t\t\t\t\t<div class=\"slideshow_description\">Et encore un beau rosier rose !<\/div>\t\t\t\t\t<\/div>\r\n\t\t\t\t<\/div>\r\n\r\n\t\t\t\t\t\t<div style=\"clear: both;\"><\/div><\/div><div class=\"slideshow_view\">\r\n\t\t\t\t<div class=\"slideshow_slide slideshow_slide_image\">\r\n\t\t\t\t\t\t\t\t\t\t\t<img src=\"https:\/\/lesavoirpartage.org\/new\/wp-content\/uploads\/2016\/08\/DSCN5535.jpg\" alt=\"Une autre rose ... blanche.\" width=\"489\" height=\"367\" \/>\r\n\t\t\t\t\t\t\t\t\t\t<div class=\"slideshow_description_box slideshow_transparent\">\r\n\t\t\t\t\t\t<div class=\"slideshow_title\">Une autre rose ... blanche.<\/div>\t\t\t\t\t\t\t\t\t\t\t<\/div>\r\n\t\t\t\t<\/div>\r\n\r\n\t\t\t\t\t\t<div style=\"clear: both;\"><\/div><\/div><div class=\"slideshow_view\">\r\n\t\t\t\t<div class=\"slideshow_slide slideshow_slide_image\">\r\n\t\t\t\t\t\t\t\t\t\t\t<img src=\"https:\/\/lesavoirpartage.org\/new\/wp-content\/uploads\/2016\/08\/lavoir.jpg\" alt=\"Le lavoir\" width=\"355\" height=\"142\" \/>\r\n\t\t\t\t\t\t\t\t\t\t<div class=\"slideshow_description_box slideshow_transparent\">\r\n\t\t\t\t\t\t<div class=\"slideshow_title\">Le lavoir<\/div>\t\t\t\t\t\t<div class=\"slideshow_description\">Avant de terminer notre visite,  un tour au lavoir public qui fut \u00e9difi\u00e9 en 1840 dans le style n\u00e9oclassique. Ce &quot;temple de l\u2019eau&quot; \u00e0 la ressemblance des temples ronds de l\u2019Antiquit\u00e9 et inspir\u00e9 du temple de l\u2019Amour du petit Trianon \u00e0 Versailles.<\/div>\t\t\t\t\t<\/div>\r\n\t\t\t\t<\/div>\r\n\r\n\t\t\t\t\t\t<div style=\"clear: both;\"><\/div><\/div>\r\n\t\t<\/div>\r\n\r\n\t\t<div class=\"slideshow_controlPanel slideshow_transparent\" style=\"display: none;\"><ul><li class=\"slideshow_togglePlay\" data-play-text=\"Play\" data-pause-text=\"Pause\"><\/li><\/ul><\/div>\r\n\r\n\t\t<div class=\"slideshow_button slideshow_previous slideshow_transparent\" role=\"button\" data-previous-text=\"Pr\u00e9c\u00e9dent\" style=\"display: none;\"><\/div>\r\n\t\t<div class=\"slideshow_button slideshow_next slideshow_transparent\" role=\"button\" data-next-text=\"Suivant\" style=\"display: none;\"><\/div>\r\n\r\n\t\t<div class=\"slideshow_pagination\" style=\"display: none;\" data-go-to-text=\"Go to slide\"><div class=\"slideshow_pagination_center\"><\/div><\/div>\r\n\r\n\t\t<!-- WordPress Slideshow Version 2.3.1 -->\r\n\r\n\t\t\t<\/div>\r\n\r\n\n","protected":false},"excerpt":{"rendered":"","protected":false},"author":2,"featured_media":0,"parent":0,"menu_order":0,"comment_status":"closed","ping_status":"closed","template":"","meta":{"_mi_skip_tracking":false,"_monsterinsights_sitenote_active":false,"_monsterinsights_sitenote_note":"","_monsterinsights_sitenote_category":0,"footnotes":""},"class_list":["post-1027","page","type-page","status-publish","hentry"],"acf":[],"_links":{"self":[{"href":"https:\/\/lesavoirpartage.org\/new\/wp-json\/wp\/v2\/pages\/1027","targetHints":{"allow":["GET"]}}],"collection":[{"href":"https:\/\/lesavoirpartage.org\/new\/wp-json\/wp\/v2\/pages"}],"about":[{"href":"https:\/\/lesavoirpartage.org\/new\/wp-json\/wp\/v2\/types\/page"}],"author":[{"embeddable":true,"href":"https:\/\/lesavoirpartage.org\/new\/wp-json\/wp\/v2\/users\/2"}],"replies":[{"embeddable":true,"href":"https:\/\/lesavoirpartage.org\/new\/wp-json\/wp\/v2\/comments?post=1027"}],"version-history":[{"count":1,"href":"https:\/\/lesavoirpartage.org\/new\/wp-json\/wp\/v2\/pages\/1027\/revisions"}],"predecessor-version":[{"id":1028,"href":"https:\/\/lesavoirpartage.org\/new\/wp-json\/wp\/v2\/pages\/1027\/revisions\/1028"}],"wp:attachment":[{"href":"https:\/\/lesavoirpartage.org\/new\/wp-json\/wp\/v2\/media?parent=1027"}],"curies":[{"name":"wp","href":"https:\/\/api.w.org\/{rel}","templated":true}]}}